{"id":1016,"date":"2017-09-11T15:20:34","date_gmt":"2017-09-11T13:20:34","guid":{"rendered":"http:\/\/www.pfarre-gisingen.at\/sebastian\/?page_id=1016"},"modified":"2017-09-11T22:32:26","modified_gmt":"2017-09-11T20:32:26","slug":"wiedereintritt-in-die-kirche","status":"publish","type":"page","link":"https:\/\/www.pfarre-gisingen.at\/sebastian\/unser-pfarrbuero\/wiedereintritt-in-die-kirche","title":{"rendered":"Wiedereintritt in die Kirche"},"content":{"rendered":"<p>Wir freuen uns, wenn Sie einen Wiedereintritt in unsere Gemeinschaft, die katholische Kirche, erw\u00e4gen.<\/p>\n<p>Jesus hat uns zur Umkehr gerufen. Also erm\u00f6glicht er auch, dass wir wieder zu ihm und seinen Freunden geh\u00f6ren k\u00f6nnen.<\/p>\n<p>Wer wieder in die kath. Kirche eintreten m\u00f6chte, soll dies vor allem aus Glaubensgr\u00fcnden tun. Der Wiedereintritt ist eine M\u00f6glichkeit, sich wieder mehr mit dem Glauben auseinander zu setzen, um in ihn hinein zu wachsen.<\/p>\n<p><strong>Wie erfolgt ein Wiedereintritt?<\/strong><\/p>\n<ol>\n<li>Suchen Sie das Gespr\u00e4ch mit einem Seelsorger Ihres Vertrauens\n<ol>\n<li>Erl\u00e4utern Sie ihm kurz Ihre Beweggr\u00fcnde f\u00fcr Ihren Austritt<\/li>\n<li>Erl\u00e4utern Sie ihm ihre Beweggr\u00fcnde f\u00fcr den Wiedereintritt<\/li>\n<\/ol>\n<\/li>\n<li>Der Seelsorger wird mit Ihnen besprechen, auf welche Weise Sie sich in den Glauben und in das Kirche-Sein vertiefen k\u00f6nnen.<\/li>\n<li>die Wiederaufnahme erfolgt innerhalb einer kleinen Andacht<\/li>\n<\/ol>\n<p><strong>Was ist mitzubringen?<\/strong><\/p>\n<ul>\n<li>Geburtsurkunde<\/li>\n<\/ul>\n<p>Da der Austritt aus der Kirche vom Staat sehr leicht gemacht wird, soll der Wiedereintritt nicht erschwert werden. Zugleich soll der Wiedereintritt eine Entscheidung f\u00fcr den katholischen Glauben sein.<br \/>\nDer Eintritt in unserer Pfarrei erfolgt so:<\/p>\n<ol>\n<li>Gespr\u00e4ch mit dem Pfarrer oder Kaplan<\/li>\n<li>Wenige Treffen mit dem Priester. Ein Glaubensbuch mit vier Kapiteln ist zu Hause zu lesen, um sich mit dem Glauben auseinander zu setzen. Nach jedem Kapitel Treffen mit dem Priester; Gespr\u00e4ch \u00fcber das Gelesene etc.<\/li>\n<li>Kleine Feier mit dem Wiedereintritt, bei dem der\/die Eintretende das Glaubensbekenntnis vor zwei Zeugen ablegt.<\/li>\n<\/ol>\n<p>Gott ist gut! Ergibt uns immer wieder eine Chance \u2013 solang wir leben!<\/p>\n<p><strong>Herzlich willkommen in der katholischen Kirche!<\/strong><br \/>\nMelden Sie sich bitte beim Pfarrer,\u00a0beim Kaplan, im Pfarrb\u00fcro oder nehmen Sie Kontakt per Email \u00fcber das <a class=\"ext\" href=\"http:\/\/www.pfarre-gisingen.at\/sebastian\/?page_id=891\">Kontaktformular<\/a> \u00a0auf.<\/p>\n ","protected":false},"excerpt":{"rendered":"<p>Wir freuen uns, wenn Sie einen Wiedereintritt in unsere Gemeinschaft, die katholische Kirche, erw\u00e4gen. Jesus hat uns zur Umkehr gerufen. Also erm\u00f6glicht er auch, dass <span class=\"readmore\"><a href=\"https:\/\/www.pfarre-gisingen.at\/sebastian\/unser-pfarrbuero\/wiedereintritt-in-die-kirche\">Weiter lesen &#8230;<\/a><\/span><\/p>\n","protected":false},"author":1,"featured_media":1019,"parent":611,"menu_order":6,"comment_status":"closed","ping_status":"closed","template":"","meta":{"footnotes":""},"class_list":["post-1016","page","type-page","status-publish","has-post-thumbnail","hentry"],"_links":{"self":[{"href":"https:\/\/www.pfarre-gisingen.at\/sebastian\/wp-json\/wp\/v2\/pages\/1016","targetHints":{"allow":["GET"]}}],"collection":[{"href":"https:\/\/www.pfarre-gisingen.at\/sebastian\/wp-json\/wp\/v2\/pages"}],"about":[{"href":"https:\/\/www.pfarre-gisingen.at\/sebastian\/wp-json\/wp\/v2\/types\/page"}],"author":[{"embeddable":true,"href":"https:\/\/www.pfarre-gisingen.at\/sebastian\/wp-json\/wp\/v2\/users\/1"}],"replies":[{"embeddable":true,"href":"https:\/\/www.pfarre-gisingen.at\/sebastian\/wp-json\/wp\/v2\/comments?post=1016"}],"version-history":[{"count":0,"href":"https:\/\/www.pfarre-gisingen.at\/sebastian\/wp-json\/wp\/v2\/pages\/1016\/revisions"}],"up":[{"embeddable":true,"href":"https:\/\/www.pfarre-gisingen.at\/sebastian\/wp-json\/wp\/v2\/pages\/611"}],"wp:featuredmedia":[{"embeddable":true,"href":"https:\/\/www.pfarre-gisingen.at\/sebastian\/wp-json\/wp\/v2\/media\/1019"}],"wp:attachment":[{"href":"https:\/\/www.pfarre-gisingen.at\/sebastian\/wp-json\/wp\/v2\/media?parent=1016"}],"curies":[{"name":"wp","href":"https:\/\/api.w.org\/{rel}","templated":true}]}}