{"id":1051,"date":"2017-09-12T11:06:29","date_gmt":"2017-09-12T09:06:29","guid":{"rendered":"http:\/\/www.pfarre-gisingen.at\/sebastian\/?page_id=1051"},"modified":"2017-09-12T11:06:29","modified_gmt":"2017-09-12T09:06:29","slug":"publikationen","status":"publish","type":"page","link":"https:\/\/www.pfarre-gisingen.at\/sebastian\/publikationen","title":{"rendered":"Publikationen"},"content":{"rendered":"\n<!-- Page-list plugin v.5.9 wordpress.org\/plugins\/page-list\/ -->\n<div class=\"page-list page-list-ext \">\n<div class=\"page-list-ext-item\"><div class=\"page-list-ext-image\"><a href=\"https:\/\/www.pfarre-gisingen.at\/sebastian\/publikationen\/buch-150-jahre-pfarrkirche-gisingen-st-sebastian\" title=\"Buch: 150 Jahre Pfarrkirche Gisingen St. Sebastian\"><img decoding=\"async\" src=\"https:\/\/www.pfarre-gisingen.at\/sebastian\/wp-content\/uploads\/2017\/09\/gisingen-150-jahre-pfarrkirche-150x150.jpg\" width=\"150\" alt=\"Buch: 150 Jahre Pfarrkirche Gisingen St. Sebastian\" \/><\/a><\/div> <h3 class=\"page-list-ext-title\"><a href=\"https:\/\/www.pfarre-gisingen.at\/sebastian\/publikationen\/buch-150-jahre-pfarrkirche-gisingen-st-sebastian\" title=\"Buch: 150 Jahre Pfarrkirche Gisingen St. Sebastian\">Buch: 150 Jahre Pfarrkirche Gisingen St. Sebastian<\/a><\/h3><div class=\"page-list-ext-item-content\">Das Buch ist im Pfarramt erh\u00e4ltlich:\r\nKontaktformular \r\n\r\n Themen aus der Inhaltsangaben: \r\n\r\n \tGeschichte der Pfarre Gisingen ... \r\n \tDas Leben der Pfarrgemeinde ... \r\n \tDie Pfarrkirche von 1896 bis heute \r\n \tRenovierungsma\u00dfnahmen ... \r\n \tKunsthistorisch-theologische B...<\/div><\/div>\n<div class=\"page-list-ext-item\"><div class=\"page-list-ext-image\"><a href=\"https:\/\/www.pfarre-gisingen.at\/sebastian\/publikationen\/festschrift-zur-renovierung-des-pfarrheims\" title=\"Festschrift zur Renovierung des Pfarrheims\"><img decoding=\"async\" src=\"https:\/\/www.pfarre-gisingen.at\/sebastian\/wp-content\/uploads\/2022\/10\/gisingen-festschrift-02-150x150.jpg\" width=\"150\" alt=\"Festschrift zur Renovierung des Pfarrheims\" \/><\/a><\/div> <h3 class=\"page-list-ext-title\"><a href=\"https:\/\/www.pfarre-gisingen.at\/sebastian\/publikationen\/festschrift-zur-renovierung-des-pfarrheims\" title=\"Festschrift zur Renovierung des Pfarrheims\">Festschrift zur Renovierung des Pfarrheims<\/a><\/h3><div class=\"page-list-ext-item-content\">Die Festschrift ist im Pfarrb\u00fcro erh\u00e4ltlich.\r\n\r\nAb Seite 2 den \"Vollbildmodus\" ( siehe Leiste unten)\u00a0 einschalten, damit man die Doppelseite sehen kann. Download ist m\u00f6glich (siehe Ikone in der Leiste).\r\n\r\n<\/div><\/div>\n<div class=\"page-list-ext-item\"><div class=\"page-list-ext-image\"><a href=\"https:\/\/www.pfarre-gisingen.at\/sebastian\/publikationen\/festschrift-150-jahre-pfarrkirche-gisingen\" title=\"Festschrift: 150 Jahre Pfarrkirche Gisingen\"><img decoding=\"async\" src=\"https:\/\/www.pfarre-gisingen.at\/sebastian\/wp-content\/uploads\/2017\/09\/gisingen-festschrift-15-jahre-pfarrkirche-150x150.jpg\" width=\"150\" alt=\"Festschrift: 150 Jahre Pfarrkirche Gisingen\" \/><\/a><\/div> <h3 class=\"page-list-ext-title\"><a href=\"https:\/\/www.pfarre-gisingen.at\/sebastian\/publikationen\/festschrift-150-jahre-pfarrkirche-gisingen\" title=\"Festschrift: 150 Jahre Pfarrkirche Gisingen\">Festschrift: 150 Jahre Pfarrkirche Gisingen<\/a><\/h3><div class=\"page-list-ext-item-content\"> Anl\u00e4ssliche der Kirchenrenovierung 2015 wurde eine Jubil\u00e4us-Festschrift ver\u00f6ffentlicht, die hier zum Download zur Verf\u00fcgung steht:\r\nFestschrift-150-jahre Pfarrkirche Gisingen PDF Download \r\n\r\nInhaltsverzeichnis \r\n\r\nGru\u00dfwort von Bischof Dr. Benno Elbs...<\/div><\/div>\n<div class=\"page-list-ext-item\"><div class=\"page-list-ext-image\"><a href=\"https:\/\/www.pfarre-gisingen.at\/sebastian\/publikationen\/kochbuch-gisiga-kocht\" title=\"Kochbuch: Gisiga kocht\"><img decoding=\"async\" src=\"https:\/\/www.pfarre-gisingen.at\/sebastian\/wp-content\/uploads\/2017\/09\/gisingen-kochbuch-150x150.jpg\" width=\"150\" alt=\"Kochbuch: Gisiga kocht\" \/><\/a><\/div> <h3 class=\"page-list-ext-title\"><a href=\"https:\/\/www.pfarre-gisingen.at\/sebastian\/publikationen\/kochbuch-gisiga-kocht\" title=\"Kochbuch: Gisiga kocht\">Kochbuch: Gisiga kocht<\/a><\/h3><div class=\"page-list-ext-item-content\">Das Kochbuch ist im Pfarramt erh\u00e4ltlich\r\nKontaktformular \r\n Vorwort zum Kochbuch: \r\nVielleicht geht es Ihnen wie mir: Wenn ich in einem Haus eingeladen bin und erfahre, mit welcher Freude dort gekocht wird, dann ist diese Freude ansteckend.\r\n\r\nSeit es ...<\/div><\/div>\n\n<\/div>\n ","protected":false},"excerpt":{"rendered":"","protected":false},"author":1,"featured_media":0,"parent":0,"menu_order":0,"comment_status":"closed","ping_status":"closed","template":"","meta":{"footnotes":""},"class_list":["post-1051","page","type-page","status-publish","hentry"],"_links":{"self":[{"href":"https:\/\/www.pfarre-gisingen.at\/sebastian\/wp-json\/wp\/v2\/pages\/1051","targetHints":{"allow":["GET"]}}],"collection":[{"href":"https:\/\/www.pfarre-gisingen.at\/sebastian\/wp-json\/wp\/v2\/pages"}],"about":[{"href":"https:\/\/www.pfarre-gisingen.at\/sebastian\/wp-json\/wp\/v2\/types\/page"}],"author":[{"embeddable":true,"href":"https:\/\/www.pfarre-gisingen.at\/sebastian\/wp-json\/wp\/v2\/users\/1"}],"replies":[{"embeddable":true,"href":"https:\/\/www.pfarre-gisingen.at\/sebastian\/wp-json\/wp\/v2\/comments?post=1051"}],"version-history":[{"count":0,"href":"https:\/\/www.pfarre-gisingen.at\/sebastian\/wp-json\/wp\/v2\/pages\/1051\/revisions"}],"wp:attachment":[{"href":"https:\/\/www.pfarre-gisingen.at\/sebastian\/wp-json\/wp\/v2\/media?parent=1051"}],"curies":[{"name":"wp","href":"https:\/\/api.w.org\/{rel}","templated":true}]}}