{"id":1096,"date":"2017-09-16T20:03:00","date_gmt":"2017-09-16T18:03:00","guid":{"rendered":"http:\/\/www.pfarre-gisingen.at\/sebastian\/?page_id=1096"},"modified":"2017-09-17T16:21:11","modified_gmt":"2017-09-17T14:21:11","slug":"kochbuch-gisiga-kocht","status":"publish","type":"page","link":"https:\/\/www.pfarre-gisingen.at\/sebastian\/publikationen\/kochbuch-gisiga-kocht","title":{"rendered":"Kochbuch: Gisiga kocht"},"content":{"rendered":"<p>Das Kochbuch ist im Pfarramt erh\u00e4ltlich<br \/>\n<a href=\"http:\/\/www.pfarre-gisingen.at\/sebastian\/?page_id=891\">Kontaktformular<\/a><\/p>\n<h3><a href=\"http:\/\/www.pfarre-gisingen.at\/sebastian\/wp-content\/uploads\/2017\/09\/gisingen-kochbuch.jpg\"><img loading=\"lazy\" decoding=\"async\" class=\"alignleft size-medium wp-image-1098\" src=\"http:\/\/www.pfarre-gisingen.at\/sebastian\/wp-content\/uploads\/2017\/09\/gisingen-kochbuch-300x212.jpg\" alt=\"\" width=\"300\" height=\"212\" \/><\/a>Vorwort zum Kochbuch:<\/h3>\n<p>Vielleicht geht es Ihnen wie mir: Wenn ich in einem Haus eingeladen bin und erfahre, mit welcher Freude dort gekocht wird, dann ist diese Freude ansteckend.<\/p>\n<p>Seit es Menschen gibt, geh\u00f6rt das gute Essen zu seiner Kultur. Jesus selber hat gut gegessen. Er war bei Hochzeitsm\u00e4hlern und anderen Festessen dabei. Im Normalfall kocht man f\u00fcr andere. Essen bedeutet deshalb, miteinander Mahl halten in der Freude des Herzens. Mahlhalten f\u00f6rdert Gemeinschaft und Zusammenhalt.<\/p>\n<div id=\"attachment_1099\" style=\"width: 310px\" class=\"wp-caption alignleft\"><a href=\"http:\/\/www.pfarre-gisingen.at\/sebastian\/wp-content\/uploads\/2017\/09\/gisingen-kochbuch-team.jpg\"><img loading=\"lazy\" decoding=\"async\" aria-describedby=\"caption-attachment-1099\" class=\"wp-image-1099 size-medium\" src=\"http:\/\/www.pfarre-gisingen.at\/sebastian\/wp-content\/uploads\/2017\/09\/gisingen-kochbuch-team-300x196.jpg\" alt=\"\" width=\"300\" height=\"196\" srcset=\"https:\/\/www.pfarre-gisingen.at\/sebastian\/wp-content\/uploads\/2017\/09\/gisingen-kochbuch-team-300x196.jpg 300w, https:\/\/www.pfarre-gisingen.at\/sebastian\/wp-content\/uploads\/2017\/09\/gisingen-kochbuch-team.jpg 500w\" sizes=\"auto, (max-width: 300px) 100vw, 300px\" \/><\/a><p id=\"caption-attachment-1099\" class=\"wp-caption-text\">Unser Kochbuch-Team: Andrea, Birgit, Yvonne<\/p><\/div>\n<p>Ich freue mich sehr, dass das erste Gisinger Kochbuch entstanden ist und der Erl\u00f6s der Renovierung unserer Pfarrkirche zugute kommt. Ein herzliches Vergelt&#8216; s Gott geb\u00fchrt Andrea Kerbleder, Yvonne Uns und Birgit Beller, f\u00fcr die Umsetzung der Idee, die beim Beisammensein entstanden ist. Danke sage ich Franziska Kerbleder f\u00fcr das ansprechende Layout. Ein herzliches Dankesch\u00f6n sage ich allen, die Rezepte f\u00fcr dieses Kochbuch geschrieben haben.<\/p>\n<p>Es ist mein Wunsch, dass dieses Kochbuch viel Freude bereitet, neue Ideen gibt, um andere mit einer guten Mahlzeit zu beschenken. Mein Wunsch ist es auch, dass in vielen Familien das freudige Beisammensein bei gemeinsamen Mahlzeiten weit m\u00f6glichst erhalten bleibt bzw. wieder entdeckt wird, damit Gemeinschaft und ein St\u00fcck Beheimatung wachsen k\u00f6nnen. Ein afrikanisches Sprichwort sagt: &#8222;Wo man isst und trinkt, da wird auch gesprochen&#8220;.<\/p>\n<p>Allen, die diese kostbaren Rezepte ausprobieren, w\u00fcnsche ich ein gutes Gelingen und einen guten Appetit.<\/p>\n<p>Pfarrer P. Thomas Felder FSO<\/p>\n<p><a href=\"http:\/\/www.pfarre-gisingen.at\/sebastian\/wp-content\/uploads\/2017\/09\/Rezepte1.pdf\">Einige Rezepte aus dem Kochbuch zum Download<\/a><\/p>\n<p>&nbsp;<br \/>\n&nbsp;<br \/>\n\n<!-- Page-list plugin v.5.9 wordpress.org\/plugins\/page-list\/ -->\n<ul class=\"page-list \">\n<li class=\"page_item page-item-1101\"><a href=\"https:\/\/www.pfarre-gisingen.at\/sebastian\/publikationen\/buch-150-jahre-pfarrkirche-gisingen-st-sebastian\">Buch: 150 Jahre Pfarrkirche Gisingen St. Sebastian<\/a><\/li>\n<li class=\"page_item page-item-14912\"><a href=\"https:\/\/www.pfarre-gisingen.at\/sebastian\/publikationen\/festschrift-zur-renovierung-des-pfarrheims\">Festschrift zur Renovierung des Pfarrheims<\/a><\/li>\n<li class=\"page_item page-item-1028\"><a href=\"https:\/\/www.pfarre-gisingen.at\/sebastian\/publikationen\/festschrift-150-jahre-pfarrkirche-gisingen\">Festschrift: 150 Jahre Pfarrkirche Gisingen<\/a><\/li>\n<li class=\"page_item page-item-1096\"><a href=\"https:\/\/www.pfarre-gisingen.at\/sebastian\/publikationen\/kochbuch-gisiga-kocht\">Kochbuch: Gisiga kocht<\/a><\/li>\n\n<\/ul><\/p>\n ","protected":false},"excerpt":{"rendered":"<p>Das Kochbuch ist im Pfarramt erh\u00e4ltlich Kontaktformular Vorwort zum Kochbuch: Vielleicht geht es Ihnen wie mir: Wenn ich in einem Haus eingeladen bin und erfahre, <span class=\"readmore\"><a href=\"https:\/\/www.pfarre-gisingen.at\/sebastian\/publikationen\/kochbuch-gisiga-kocht\">Weiter lesen &#8230;<\/a><\/span><\/p>\n","protected":false},"author":1,"featured_media":1098,"parent":1051,"menu_order":0,"comment_status":"closed","ping_status":"closed","template":"","meta":{"footnotes":""},"class_list":["post-1096","page","type-page","status-publish","has-post-thumbnail","hentry"],"_links":{"self":[{"href":"https:\/\/www.pfarre-gisingen.at\/sebastian\/wp-json\/wp\/v2\/pages\/1096","targetHints":{"allow":["GET"]}}],"collection":[{"href":"https:\/\/www.pfarre-gisingen.at\/sebastian\/wp-json\/wp\/v2\/pages"}],"about":[{"href":"https:\/\/www.pfarre-gisingen.at\/sebastian\/wp-json\/wp\/v2\/types\/page"}],"author":[{"embeddable":true,"href":"https:\/\/www.pfarre-gisingen.at\/sebastian\/wp-json\/wp\/v2\/users\/1"}],"replies":[{"embeddable":true,"href":"https:\/\/www.pfarre-gisingen.at\/sebastian\/wp-json\/wp\/v2\/comments?post=1096"}],"version-history":[{"count":0,"href":"https:\/\/www.pfarre-gisingen.at\/sebastian\/wp-json\/wp\/v2\/pages\/1096\/revisions"}],"up":[{"embeddable":true,"href":"https:\/\/www.pfarre-gisingen.at\/sebastian\/wp-json\/wp\/v2\/pages\/1051"}],"wp:featuredmedia":[{"embeddable":true,"href":"https:\/\/www.pfarre-gisingen.at\/sebastian\/wp-json\/wp\/v2\/media\/1098"}],"wp:attachment":[{"href":"https:\/\/www.pfarre-gisingen.at\/sebastian\/wp-json\/wp\/v2\/media?parent=1096"}],"curies":[{"name":"wp","href":"https:\/\/api.w.org\/{rel}","templated":true}]}}