{"id":1119,"date":"2017-09-16T21:48:40","date_gmt":"2017-09-16T19:48:40","guid":{"rendered":"http:\/\/www.pfarre-gisingen.at\/sebastian\/?page_id=1119"},"modified":"2017-09-20T20:14:40","modified_gmt":"2017-09-20T18:14:40","slug":"erstkommunion-vorbereitung-in-unserer-pfarre","status":"publish","type":"page","link":"https:\/\/www.pfarre-gisingen.at\/sebastian\/sakramente-und-begraebnis\/eucharistie\/erstkommunion-vorbereitung-in-unserer-pfarre","title":{"rendered":"Erstkommunion: Vorbereitung in unserer Pfarre"},"content":{"rendered":"<p>Die Kinder werden auf dieses gro\u00dfe Glaubensfest im Religionsunterricht in den zweiten Klassen unserer Volksschulen vorbereitet.<\/p>\n<p>Weiters durch die vier Tischrunden, die von M\u00fcttern\/V\u00e4tern geleitet werden. Jede Tischmutter hat ca. 4 -6 Kinder in ihrere Gruppe.<\/p>\n<p>Bei diesen Vorbereitungen geht es vor allem darum, im Kind einen inneren, vom Glauben kommenden Zugang zur heiligen Gegenwart Jesu Christi im Altarssakrament, der Messe, zu vermitteln.<\/p>\n<p>Christus ist im Sakrament der Eucharistie geheimnisvoll, aber wirklich gegenw\u00e4rtig. Sooft die Kirche den Auftrag Jesu &#8222;Tut dies zu meinem Ged\u00e4chtnis&#8220; vollzieht, das Brot bricht und den Kelch darreicht, ereignet sich heute dasselbe, was sich damals ereignet hat: Christus, gibt sich wahrhaft hin f\u00fcr uns, und wir gewinnen wahrhaft Teil an ihm. Das einmalige und unwiederholbare Kreuzesopfer Christi wird auf dem Altar gegenw\u00e4rtig; es vollzieht sich das Werk unserer Erl\u00f6sung. (Youkat 218).<\/p>\n<p><strong>Die Erstkommunionvorbereitung setzt sich in etwa zusammen aus:<\/strong><\/p>\n<ul>\n<li>Elternabend<\/li>\n<li>Startgottesdienst<\/li>\n<li>Vier Tischrunden<\/li>\n<li>Gro\u00dfelternkaffee<\/li>\n<li>Erstbeichte<\/li>\n<li>Probe f\u00fcr die Erstkommunionfeier<\/li>\n<li>Erstkommunionfeiern + Dankandacht<\/li>\n<\/ul>\n<p><strong>zus\u00e4tzlich bietet die Pfarre w\u00e4hrend des Jahres f\u00fcr Kinder speziell an:<\/strong><\/p>\n<p>Kinderkirche (Oktober &#8211; Mai)<br \/>\nFamiliengottesdienste (ca. alle 6 Wochen)<\/p>\n\n<!-- Page-list plugin v.5.9 wordpress.org\/plugins\/page-list\/ -->\n<div class=\"page-list page-list-ext \">\n<div class=\"page-list-ext-item\"><div class=\"page-list-ext-image\"><a href=\"https:\/\/www.pfarre-gisingen.at\/sebastian\/sakramente-und-begraebnis\/eucharistie\" title=\"Eucharistie\"><img decoding=\"async\" src=\"https:\/\/www.pfarre-gisingen.at\/sebastian\/wp-content\/uploads\/2017\/08\/gisingen-eucharistie-150x150.jpg\" width=\"150\" alt=\"Eucharistie\" \/><\/a><\/div> <h3 class=\"page-list-ext-title\"><a href=\"https:\/\/www.pfarre-gisingen.at\/sebastian\/sakramente-und-begraebnis\/eucharistie\" title=\"Eucharistie\">Eucharistie<\/a><\/h3><div class=\"page-list-ext-item-content\">\r\nWas ist die hl. Messe ? \r\nDie Eucharistie \r\naus: Karl Wallner, Sakramente \u2013 was ist das? \r\nGedanken zu den Sakramenten f\u00fcr junge Menschen.\r\n\r\nAm Abend seines letzten Lebenstages h\u00e4lt Jesus mit seinen J\u00fcngern die Feier des Paschamahles ab. Er wei\u00df, dass ...<\/div><\/div>\n<div class=\"page-list-ext-item\"><div class=\"page-list-ext-image\"><a href=\"https:\/\/www.pfarre-gisingen.at\/sebastian\/sakramente-und-begraebnis\/eucharistie\/kommuniongebete\" title=\"Kommuniongebete\"><img decoding=\"async\" src=\"https:\/\/www.pfarre-gisingen.at\/sebastian\/wp-content\/uploads\/2017\/09\/gisingen-tabernakel-e1574963871634-150x150.jpg\" width=\"150\" alt=\"Kommuniongebete\" \/><\/a><\/div> <h3 class=\"page-list-ext-title\"><a href=\"https:\/\/www.pfarre-gisingen.at\/sebastian\/sakramente-und-begraebnis\/eucharistie\/kommuniongebete\" title=\"Kommuniongebete\">Kommuniongebete<\/a><\/h3><div class=\"page-list-ext-item-content\">Mein Herr und mein Gott, \r\nohne Vorbehalt will ich mich ganz in deine H\u00e4nde geben.\r\nWohlergehen oder Not, Freude oder Kummer, Freundschaft oder Verlassenheit, Ehre oder Erniedrigung,\r\nTrost oder Trauer, deine Gegenwart oder das Verh\u00fclltsein deines Antlitzes \u2013...<\/div><\/div>\n\n<\/div>\n ","protected":false},"excerpt":{"rendered":"<p>Die Kinder werden auf dieses gro\u00dfe Glaubensfest im Religionsunterricht in den zweiten Klassen unserer Volksschulen vorbereitet. Weiters durch die vier Tischrunden, die von M\u00fcttern\/V\u00e4tern geleitet <span class=\"readmore\"><a href=\"https:\/\/www.pfarre-gisingen.at\/sebastian\/sakramente-und-begraebnis\/eucharistie\/erstkommunion-vorbereitung-in-unserer-pfarre\">Weiter lesen &#8230;<\/a><\/span><\/p>\n","protected":false},"author":1,"featured_media":0,"parent":569,"menu_order":0,"comment_status":"closed","ping_status":"closed","template":"","meta":{"footnotes":""},"class_list":["post-1119","page","type-page","status-publish","hentry"],"_links":{"self":[{"href":"https:\/\/www.pfarre-gisingen.at\/sebastian\/wp-json\/wp\/v2\/pages\/1119","targetHints":{"allow":["GET"]}}],"collection":[{"href":"https:\/\/www.pfarre-gisingen.at\/sebastian\/wp-json\/wp\/v2\/pages"}],"about":[{"href":"https:\/\/www.pfarre-gisingen.at\/sebastian\/wp-json\/wp\/v2\/types\/page"}],"author":[{"embeddable":true,"href":"https:\/\/www.pfarre-gisingen.at\/sebastian\/wp-json\/wp\/v2\/users\/1"}],"replies":[{"embeddable":true,"href":"https:\/\/www.pfarre-gisingen.at\/sebastian\/wp-json\/wp\/v2\/comments?post=1119"}],"version-history":[{"count":0,"href":"https:\/\/www.pfarre-gisingen.at\/sebastian\/wp-json\/wp\/v2\/pages\/1119\/revisions"}],"up":[{"embeddable":true,"href":"https:\/\/www.pfarre-gisingen.at\/sebastian\/wp-json\/wp\/v2\/pages\/569"}],"wp:attachment":[{"href":"https:\/\/www.pfarre-gisingen.at\/sebastian\/wp-json\/wp\/v2\/media?parent=1119"}],"curies":[{"name":"wp","href":"https:\/\/api.w.org\/{rel}","templated":true}]}}