{"id":1132,"date":"2017-09-16T22:22:22","date_gmt":"2017-09-16T20:22:22","guid":{"rendered":"http:\/\/www.pfarre-gisingen.at\/sebastian\/?page_id=1132"},"modified":"2017-09-16T22:25:59","modified_gmt":"2017-09-16T20:25:59","slug":"ehevorbereitung","status":"publish","type":"page","link":"https:\/\/www.pfarre-gisingen.at\/sebastian\/sakramente-und-begraebnis\/ehe\/ehevorbereitung","title":{"rendered":"Ehevorbereitung"},"content":{"rendered":"<p>Die christliche Ehe ist etwas Gro\u00dfes und Sch\u00f6nes: sie ist ein Sakrament. Gro\u00dfe Dinge wollen gut vorbereitet sein.<\/p>\n<p><strong>Entfernte Vorbereitung:<\/strong><\/p>\n<ul>\n<li>Durch ein Leben aus dem Glauben<\/li>\n<li>Durch das t\u00e4gliche Gebet, das Gespr\u00e4ch mit Gott<\/li>\n<li>Durch die Mitfeier der Sonntagsmesse<\/li>\n<li>Durch den regelm\u00e4\u00dfigen Empfang der Beichte<\/li>\n<li>Durch tatkr\u00e4ftige N\u00e4chstenliebe<\/li>\n<li>Durch ein offenes Ohr und eine offene Hand f\u00fcr Arme und Bed\u00fcrftige<\/li>\n<\/ul>\n<p><strong>N\u00e4here Vorbereitung der Ehe:<\/strong><\/p>\n<ul>\n<li>Planung der Hochzeit<\/li>\n<li>Besuch eines Eheseminares (Pflicht in unserer Di\u00f6zese)<\/li>\n<li>Trauungsgespr\u00e4ch mit dem Heimatpfarrer<\/li>\n<\/ul>\n<p><strong>Unmittelbar Vorbereitung:<\/strong><\/p>\n<ul>\n<li>Trauungsgottesdienst vorbereiten<\/li>\n<\/ul>\n<p>Wertvolle Links:<br \/>\n<a class=\"ext\" href=\"http:\/\/www.beziehungsweb.at\/ehevorbereitungen\">www.beziehungsweb.at\/ehevorbereitungen<\/a> (Erzdi\u00f6zese Wien)<br \/>\n<a class=\"ext\" href=\"http:\/\/www.bistum-chur.at\/\">www.bistum-chur.at<\/a> (Ehevorbereitungskurs online)<br \/>\n<a class=\"ext\" href=\"http:\/\/www.kirchen.net\/familie\">www.kirchen.net\/familie<\/a> (Referat f\u00fcr Ehe und Familie, Salzburg)<br \/>\n<a class=\"ext\" href=\"http:\/\/www.theologiedesleibes.com\/\">www.theologiedesleibes.com<\/a><br \/>\n<a class=\"ext\" href=\"http:\/\/www.padre.at\/ehevorb.htm\">www.padre.at\/ehevorb.htm<\/a><br \/>\n<a class=\"ext\" href=\"http:\/\/www.virtuelles-heiligtum.coom\/vor.der.ehe\/traut.euch\/sch%C3%B6nstatt.ehevorbereitung.traut%20.euch\">www.virtuelles-heiligtum.coom\/vor.der.ehe\/traut.euch\/sch\u00f6nstatt.ehevorbereitung.traut .euch<\/a><\/p>\n\n<!-- Page-list plugin v.5.9 wordpress.org\/plugins\/page-list\/ -->\n<div class=\"page-list page-list-ext \">\n<div class=\"page-list-ext-item\"><div class=\"page-list-ext-image\"><a href=\"https:\/\/www.pfarre-gisingen.at\/sebastian\/sakramente-und-begraebnis\/ehe\/begleitung-von-paaren-und-einzelnen-menschen\" title=\"Begleitung von Paaren und einzelnen Menschen\"><img decoding=\"async\" src=\"https:\/\/www.pfarre-gisingen.at\/sebastian\/wp-content\/uploads\/2017\/08\/gisingen-familie-150x150.jpg\" width=\"150\" alt=\"Begleitung von Paaren und einzelnen Menschen\" \/><\/a><\/div> <h3 class=\"page-list-ext-title\"><a href=\"https:\/\/www.pfarre-gisingen.at\/sebastian\/sakramente-und-begraebnis\/ehe\/begleitung-von-paaren-und-einzelnen-menschen\" title=\"Begleitung von Paaren und einzelnen Menschen\">Begleitung von Paaren und einzelnen Menschen<\/a><\/h3><div class=\"page-list-ext-item-content\"> Maria und Christoph Alton haben sich bereit erkl\u00e4rt, einzelnen Personen und Paaren durch Austausch und Gespr\u00e4che zur Verf\u00fcgung zu stehen. Beide sind ausgebildete Familientrainer. Es ist f\u00fcr uns als Pfarre ein Geschenk, Menschen zu haben, die gerne ihr...<\/div><\/div>\n<div class=\"page-list-ext-item\"><div class=\"page-list-ext-image\"><a href=\"https:\/\/www.pfarre-gisingen.at\/sebastian\/sakramente-und-begraebnis\/ehe\" title=\"Ehe\"><img decoding=\"async\" src=\"https:\/\/www.pfarre-gisingen.at\/sebastian\/wp-content\/uploads\/2017\/08\/gisingen-hochzeit-150x150.jpg\" width=\"150\" alt=\"Ehe\" \/><\/a><\/div> <h3 class=\"page-list-ext-title\"><a href=\"https:\/\/www.pfarre-gisingen.at\/sebastian\/sakramente-und-begraebnis\/ehe\" title=\"Ehe\">Ehe<\/a><\/h3><div class=\"page-list-ext-item-content\">\r\n\r\nWas ist die Ehe? \r\nDas Sakrament der Ehe \r\n\r\nDie Liebe zwischen Mann und Frau hat ihren tiefsten Grund nicht blo\u00df in menschlichen Empfindungen und Gef\u00fchlen, in Bed\u00fcrfnissen und Erwartungen, sondern im Willen Gottes. Er erschafft den Menschen als Ma...<\/div><\/div>\n\n<\/div>\n ","protected":false},"excerpt":{"rendered":"<p>Die christliche Ehe ist etwas Gro\u00dfes und Sch\u00f6nes: sie ist ein Sakrament. Gro\u00dfe Dinge wollen gut vorbereitet sein. Entfernte Vorbereitung: Durch ein Leben aus dem <span class=\"readmore\"><a href=\"https:\/\/www.pfarre-gisingen.at\/sebastian\/sakramente-und-begraebnis\/ehe\/ehevorbereitung\">Weiter lesen &#8230;<\/a><\/span><\/p>\n","protected":false},"author":1,"featured_media":619,"parent":621,"menu_order":1,"comment_status":"closed","ping_status":"closed","template":"","meta":{"footnotes":""},"class_list":["post-1132","page","type-page","status-publish","has-post-thumbnail","hentry"],"_links":{"self":[{"href":"https:\/\/www.pfarre-gisingen.at\/sebastian\/wp-json\/wp\/v2\/pages\/1132","targetHints":{"allow":["GET"]}}],"collection":[{"href":"https:\/\/www.pfarre-gisingen.at\/sebastian\/wp-json\/wp\/v2\/pages"}],"about":[{"href":"https:\/\/www.pfarre-gisingen.at\/sebastian\/wp-json\/wp\/v2\/types\/page"}],"author":[{"embeddable":true,"href":"https:\/\/www.pfarre-gisingen.at\/sebastian\/wp-json\/wp\/v2\/users\/1"}],"replies":[{"embeddable":true,"href":"https:\/\/www.pfarre-gisingen.at\/sebastian\/wp-json\/wp\/v2\/comments?post=1132"}],"version-history":[{"count":0,"href":"https:\/\/www.pfarre-gisingen.at\/sebastian\/wp-json\/wp\/v2\/pages\/1132\/revisions"}],"up":[{"embeddable":true,"href":"https:\/\/www.pfarre-gisingen.at\/sebastian\/wp-json\/wp\/v2\/pages\/621"}],"wp:featuredmedia":[{"embeddable":true,"href":"https:\/\/www.pfarre-gisingen.at\/sebastian\/wp-json\/wp\/v2\/media\/619"}],"wp:attachment":[{"href":"https:\/\/www.pfarre-gisingen.at\/sebastian\/wp-json\/wp\/v2\/media?parent=1132"}],"curies":[{"name":"wp","href":"https:\/\/api.w.org\/{rel}","templated":true}]}}