{"id":13890,"date":"2022-08-18T21:53:28","date_gmt":"2022-08-18T19:53:28","guid":{"rendered":"https:\/\/www.pfarre-gisingen.at\/sebastian\/?page_id=13890"},"modified":"2022-09-22T22:17:55","modified_gmt":"2022-09-22T20:17:55","slug":"sr-maria-wagner-fso-und-sr-barbara-fink-fso","status":"publish","type":"page","link":"https:\/\/www.pfarre-gisingen.at\/sebastian\/personen-und-gruppen\/sr-maria-wagner-fso-und-sr-barbara-fink-fso","title":{"rendered":"Sr. Maria Wagner FSO und Sr. Barbara Fink FSO"},"content":{"rendered":"<p><strong><a href=\"https:\/\/www.pfarre-gisingen.at\/sebastian\/wp-content\/uploads\/2022\/09\/gisingen-schwestern-05.jpg\"><img loading=\"lazy\" decoding=\"async\" class=\"alignleft size-full wp-image-13915\" src=\"https:\/\/www.pfarre-gisingen.at\/sebastian\/wp-content\/uploads\/2022\/09\/gisingen-schwestern-05.jpg\" alt=\"\" width=\"300\" height=\"200\" \/><\/a>Sr. Maria Wagner FSO und Sr. Barbara Fink FSO<br \/>\n<\/strong><\/p>\n<p>Sie sorgen sich um den Haushalt im Pfarrhaus und Schwesternhaus und leisten verschiedene Dienste f\u00fcr die Pfarrgemeinde. Daneben erf\u00fcllen sie Aufgaben f\u00fcr unsere geistliche Familie. Als Gemeinschaft von f\u00fcnf Mitgliedern des \u201eWerkes\u201c \u2013 drei Schwestern und zwei Priester &#8211; bilden wir eine Gebetsgemeinschaft und eine kleine geistliche Familie in der Pfarre Gisingen und wollen Zeugnis geben von der Freude des gottgeweihten Lebens.<\/p>\n<p>05522-71305 \u2013 DW 11 oder DW 30<\/p>\n<p>&nbsp;<\/p>\n ","protected":false},"excerpt":{"rendered":"<p>Sr. Maria Wagner FSO und Sr. Barbara Fink FSO Sie sorgen sich um den Haushalt im Pfarrhaus und Schwesternhaus und leisten verschiedene Dienste f\u00fcr die <span class=\"readmore\"><a href=\"https:\/\/www.pfarre-gisingen.at\/sebastian\/personen-und-gruppen\/sr-maria-wagner-fso-und-sr-barbara-fink-fso\">Weiter lesen &#8230;<\/a><\/span><\/p>\n","protected":false},"author":1,"featured_media":13915,"parent":709,"menu_order":4,"comment_status":"closed","ping_status":"closed","template":"","meta":{"footnotes":""},"class_list":["post-13890","page","type-page","status-publish","has-post-thumbnail","hentry"],"_links":{"self":[{"href":"https:\/\/www.pfarre-gisingen.at\/sebastian\/wp-json\/wp\/v2\/pages\/13890","targetHints":{"allow":["GET"]}}],"collection":[{"href":"https:\/\/www.pfarre-gisingen.at\/sebastian\/wp-json\/wp\/v2\/pages"}],"about":[{"href":"https:\/\/www.pfarre-gisingen.at\/sebastian\/wp-json\/wp\/v2\/types\/page"}],"author":[{"embeddable":true,"href":"https:\/\/www.pfarre-gisingen.at\/sebastian\/wp-json\/wp\/v2\/users\/1"}],"replies":[{"embeddable":true,"href":"https:\/\/www.pfarre-gisingen.at\/sebastian\/wp-json\/wp\/v2\/comments?post=13890"}],"version-history":[{"count":4,"href":"https:\/\/www.pfarre-gisingen.at\/sebastian\/wp-json\/wp\/v2\/pages\/13890\/revisions"}],"predecessor-version":[{"id":14006,"href":"https:\/\/www.pfarre-gisingen.at\/sebastian\/wp-json\/wp\/v2\/pages\/13890\/revisions\/14006"}],"up":[{"embeddable":true,"href":"https:\/\/www.pfarre-gisingen.at\/sebastian\/wp-json\/wp\/v2\/pages\/709"}],"wp:featuredmedia":[{"embeddable":true,"href":"https:\/\/www.pfarre-gisingen.at\/sebastian\/wp-json\/wp\/v2\/media\/13915"}],"wp:attachment":[{"href":"https:\/\/www.pfarre-gisingen.at\/sebastian\/wp-json\/wp\/v2\/media?parent=13890"}],"curies":[{"name":"wp","href":"https:\/\/api.w.org\/{rel}","templated":true}]}}