{"id":3099,"date":"2018-09-15T14:39:21","date_gmt":"2018-09-15T12:39:21","guid":{"rendered":"http:\/\/www.pfarre-gisingen.at\/sebastian\/?page_id=3099"},"modified":"2018-09-15T14:39:52","modified_gmt":"2018-09-15T12:39:52","slug":"firmvorbereitung","status":"publish","type":"page","link":"https:\/\/www.pfarre-gisingen.at\/sebastian\/sakramente-und-begraebnis\/firmung\/firmvorbereitung","title":{"rendered":"Firmung 2019"},"content":{"rendered":"<p>Im Priesterrat und Pastoralrat der Di\u00f6zese Feldkirch wurden im Oktober 2016 neue Leitlinien zur Firmpastoral beschlossen. Unter dem Stichwort Firmung 17+ sehen sie vor, dass das Firmalter erh\u00f6ht wird.<\/p>\n<p>\u201eIn der vorgesehenen \u00dcbergangszeit bis 2027 ermutigen wir dazu, Firmwege mit h\u00f6herem Firmalter zu entwickeln, Neues auszuprobieren und zu evaluieren\u201c (Leitlinien, S 16).<\/p>\n<p><span style=\"color: #ff0000;\"><strong>Im kommenden Jahr wird es keine Firmvorbereitung in unserer Pfarre geben.<\/strong><\/span><\/p>\n<p>Im Pfarrgemeinderat wollen wir dar\u00fcber nachdenken, wie wir die Leitlinien der Di\u00f6zese in unserer Pfarre umsetzen. Wer sich bei diesem Nachdenkprozess einbringen will, m\u00f6ge sich bei uns melden.<\/p>\n<p><span style=\"color: #0000ff;\">Jugendliche oder (junge) Erwachsene, die gefirmt werden wollen, sollen sich im Pfarramt melden.<\/span><\/p>\n ","protected":false},"excerpt":{"rendered":"<p>Im Priesterrat und Pastoralrat der Di\u00f6zese Feldkirch wurden im Oktober 2016 neue Leitlinien zur Firmpastoral beschlossen. Unter dem Stichwort Firmung 17+ sehen sie vor, dass <span class=\"readmore\"><a href=\"https:\/\/www.pfarre-gisingen.at\/sebastian\/sakramente-und-begraebnis\/firmung\/firmvorbereitung\">Weiter lesen &#8230;<\/a><\/span><\/p>\n","protected":false},"author":1,"featured_media":3029,"parent":575,"menu_order":0,"comment_status":"closed","ping_status":"closed","template":"","meta":{"footnotes":""},"class_list":["post-3099","page","type-page","status-publish","has-post-thumbnail","hentry"],"_links":{"self":[{"href":"https:\/\/www.pfarre-gisingen.at\/sebastian\/wp-json\/wp\/v2\/pages\/3099","targetHints":{"allow":["GET"]}}],"collection":[{"href":"https:\/\/www.pfarre-gisingen.at\/sebastian\/wp-json\/wp\/v2\/pages"}],"about":[{"href":"https:\/\/www.pfarre-gisingen.at\/sebastian\/wp-json\/wp\/v2\/types\/page"}],"author":[{"embeddable":true,"href":"https:\/\/www.pfarre-gisingen.at\/sebastian\/wp-json\/wp\/v2\/users\/1"}],"replies":[{"embeddable":true,"href":"https:\/\/www.pfarre-gisingen.at\/sebastian\/wp-json\/wp\/v2\/comments?post=3099"}],"version-history":[{"count":0,"href":"https:\/\/www.pfarre-gisingen.at\/sebastian\/wp-json\/wp\/v2\/pages\/3099\/revisions"}],"up":[{"embeddable":true,"href":"https:\/\/www.pfarre-gisingen.at\/sebastian\/wp-json\/wp\/v2\/pages\/575"}],"wp:featuredmedia":[{"embeddable":true,"href":"https:\/\/www.pfarre-gisingen.at\/sebastian\/wp-json\/wp\/v2\/media\/3029"}],"wp:attachment":[{"href":"https:\/\/www.pfarre-gisingen.at\/sebastian\/wp-json\/wp\/v2\/media?parent=3099"}],"curies":[{"name":"wp","href":"https:\/\/api.w.org\/{rel}","templated":true}]}}