{"id":562,"date":"2017-08-27T16:28:22","date_gmt":"2017-08-27T14:28:22","guid":{"rendered":"http:\/\/www.pfarre-gisingen.at\/sebastian\/?page_id=562"},"modified":"2023-08-18T14:55:08","modified_gmt":"2023-08-18T12:55:08","slug":"taufe","status":"publish","type":"page","link":"https:\/\/www.pfarre-gisingen.at\/sebastian\/sakramente-und-begraebnis\/taufe","title":{"rendered":"Taufe"},"content":{"rendered":"\n<!-- Page-list plugin v.5.9 wordpress.org\/plugins\/page-list\/ -->\n<div class=\"page-list page-list-ext \">\n<div class=\"page-list-ext-item\"><div class=\"page-list-ext-image\"><a href=\"https:\/\/www.pfarre-gisingen.at\/sebastian\/unser-pfarrbuero\/taufanmeldung\" title=\"Anmeldung zur Taufe\"><img decoding=\"async\" src=\"https:\/\/www.pfarre-gisingen.at\/sebastian\/wp-content\/uploads\/2017\/08\/taufe-gisingen-3-150x150.jpg\" width=\"150\" alt=\"Anmeldung zur Taufe\" \/><\/a><\/div> <h3 class=\"page-list-ext-title\"><a href=\"https:\/\/www.pfarre-gisingen.at\/sebastian\/unser-pfarrbuero\/taufanmeldung\" title=\"Anmeldung zur Taufe\">Anmeldung zur Taufe<\/a><\/h3><div class=\"page-list-ext-item-content\">Tauftermine \r\n\r\nDie Tauffeiern finden in unserer Pfarrgemeinde ca.\r\njeden zweiten Sonntag um 14:30 Uhr statt.\r\n\r\nSonntag, 21. Dezember\r\nSonntag, 11. J\u00e4nner\r\nSonntag, 25. J\u00e4nner\r\nSonntag, 08. Februar\r\nSonntag, 22. Februar\r\nSonntag, 08. M\u00e4rz\r\nSonntag, 22...<\/div><\/div>\n\n<\/div>\n<h2>Was ist die Taufe?<\/h2>\n<p>Die Taufe ist das Grundsakrament der Kirche. In ihr werden wir Glieder des Leibes Christi, Br\u00fcder und Schwestern unseres Erl\u00f6sers Jesus Christus,\u00a0Kinder Gottes und Mitglieder der katholischen Kirche. Wir werden von der Erbs\u00fcnde befreit, dem Tod entrissen und sind von da an f\u00fcr ein Leben in der Freude der Erl\u00f6sten bestimmt.<\/p>\n<p>Durch den Namen, den wir in der Taufe erhalten, sagt Gott: &#8222;Ich habe dich beim Namen gerufen, du geh\u00f6rst mir&#8220; (Jes 43,1).<\/p>\n<h3>GEDANKEN ZUR TAUFE<\/h3>\n<p><em>aus: Karl Wallner, Sakramente \u2013 was ist das?<\/em><br \/>\nGedanken zu den Sakramenten f\u00fcr junge Menschen<br \/>\nHeute l\u00e4uft eine Taufe so ab, dass die Eltern ihr Baby in die Kirche bringen. Der Priester gie\u00dft dreimal Wasser \u00fcber den Kopf: \u201eIch taufe dich im Namen des Vaters und des Sohnes und des Heiligen Geistes.\u201c Und dieses bisschen Wasser \u00fcber den Kopf ist f\u00fcr uns Christen das wichtigste Sakrament, das Tor zum Himmel. Warum?<br \/>\nBevor Jesus in den Himmel aufgefahren ist, verabschiedete er sich mit einem Auftrag von seinen J\u00fcngern: \u201eMacht alle Menschen zu meinen J\u00fcngern; tauft sie auf den Namen des Vaters und des Sohnes und des heiligen Geistes, und lehrt sie, alles zu befolgen, was ich euch geboten haben. Seid gewiss: Ich bin bei euch alle Tage bis zum Ende der Welt\u201c (Matth\u00e4us 28,19-20). Der letzte Teil des Satzes ist wichtig: Jesus bleibt bei uns! Super! Aber wie? Dadurch dass Menschen getauft werden? Und wo bleibt er? In den Menschen, die getauft werden.<br \/>\nNoch mal: Jesus lebt in den Menschen, die getauft werden. Durch die Taufe wird man in Christus hineinverwandelt. Klar, dann ist man ein neuer Mensch. Paulus nennt einen Getauften eine \u201eneue Sch\u00f6pfung\u201c (Korintherbrief 5,17).<br \/>\nJesus will, dass wir durch die Taufe seine J\u00fcnger werden, darum k\u00f6nnen Babys nur getauft werden, wenn die Eltern mit der Hilfe eines Paten darauf schauen, dass die Kinder wirklich Christus kennen und lieben lernen. Heute werden aber auch immer mehr erst als Erwachsene getauft, wie in der ersten Zeit der Kirche. Die Erwachsenen wurden im Wasser untergetaucht. Das Wort \u201eTaufen\u201c kommt ja von \u201eTauchen\u201c. Es bedeutet: Eintauchen in Gott. Das Wasser ist Symbol f\u00fcr Gott, es umgibt den Getauften von allen Seiten. von dem Augenblick an ist der Mensch neu geboren.<br \/>\nTaufe bedeutet einen neuen Lebensanfang, eine geistige Geburt. Bei der Taufe nimmt der Heilige Geist von unseren Herzen Besitz, daher hat die S\u00fcnde in uns keinen Platz mehr. Durch die Taufe werden alle S\u00fcnden vergeben. Aufregend ist das, wenn Erwachsene getauft werden. Die m\u00fcssen dann nicht beichten gehen, denn die Taufe w\u00e4scht alle S\u00fcnden ihres gesamten bisherigen Lebens ab.<br \/>\nBei der Taufe braucht man eine wei\u00dfes Taufkleid: Es bedeutet, das der T\u00e4ufling \u201eChristus anzieht\u201c. Bei der Taufe werden wir dann mit Chrisam-\u00d6l gesalbt: Es bedeutet, dass Christus (Christus hei\u00dft \u201eder Gesalbte\u201c) in unser Herz einzieht so wie das \u00d6l in die Haut einzieht. Bei der Taufe wird die Taufkerze entz\u00fcndet. Das bedeutet, dass der T\u00e4ufling im Herzen erleuchtet worden ist. Bei der Taufe werden wir von Gott adoptiert, er nimmt uns als seine S\u00f6hne und T\u00f6chter an, wir tragen von jetzt an den Namen seines Sohnes, Christ(us)!<br \/>\nViele von uns wurden als Babys getauft, aber wir brauchen unser ganzes Leben lang, um zu begreifen, welch gro\u00dfes Wunder der liebe Gott da ins Herz geschenkt hat.<\/p>\n<p><strong>TAUFPATEN<\/strong>: Aufgabe der Taufpaten ist es, in Erg\u00e4nzung zu den Eltern des Kindes, dem Patenkind zu helfen, in das christliche Leben hineinzuwachsen und den Glauben in unserer heutigen Zeit zu leben. Wer getauft und gefirmt ist und der katholischen Kirche angeh\u00f6rt, kann das Taufpetenamt \u00fcbernehmen.<\/p>\n<p>Lesen Sie N\u00e4heres \u00fcber das Sakrament der Taufe im Katechismus der Katholischen Kirche nach.<\/p>\n ","protected":false},"excerpt":{"rendered":"<p>Was ist die Taufe? Die Taufe ist das Grundsakrament der Kirche. In ihr werden wir Glieder des Leibes Christi, Br\u00fcder und Schwestern unseres Erl\u00f6sers Jesus <span class=\"readmore\"><a href=\"https:\/\/www.pfarre-gisingen.at\/sebastian\/sakramente-und-begraebnis\/taufe\">Weiter lesen &#8230;<\/a><\/span><\/p>\n","protected":false},"author":1,"featured_media":563,"parent":770,"menu_order":0,"comment_status":"closed","ping_status":"closed","template":"","meta":{"footnotes":""},"class_list":["post-562","page","type-page","status-publish","has-post-thumbnail","hentry"],"_links":{"self":[{"href":"https:\/\/www.pfarre-gisingen.at\/sebastian\/wp-json\/wp\/v2\/pages\/562","targetHints":{"allow":["GET"]}}],"collection":[{"href":"https:\/\/www.pfarre-gisingen.at\/sebastian\/wp-json\/wp\/v2\/pages"}],"about":[{"href":"https:\/\/www.pfarre-gisingen.at\/sebastian\/wp-json\/wp\/v2\/types\/page"}],"author":[{"embeddable":true,"href":"https:\/\/www.pfarre-gisingen.at\/sebastian\/wp-json\/wp\/v2\/users\/1"}],"replies":[{"embeddable":true,"href":"https:\/\/www.pfarre-gisingen.at\/sebastian\/wp-json\/wp\/v2\/comments?post=562"}],"version-history":[{"count":2,"href":"https:\/\/www.pfarre-gisingen.at\/sebastian\/wp-json\/wp\/v2\/pages\/562\/revisions"}],"predecessor-version":[{"id":17462,"href":"https:\/\/www.pfarre-gisingen.at\/sebastian\/wp-json\/wp\/v2\/pages\/562\/revisions\/17462"}],"up":[{"embeddable":true,"href":"https:\/\/www.pfarre-gisingen.at\/sebastian\/wp-json\/wp\/v2\/pages\/770"}],"wp:featuredmedia":[{"embeddable":true,"href":"https:\/\/www.pfarre-gisingen.at\/sebastian\/wp-json\/wp\/v2\/media\/563"}],"wp:attachment":[{"href":"https:\/\/www.pfarre-gisingen.at\/sebastian\/wp-json\/wp\/v2\/media?parent=562"}],"curies":[{"name":"wp","href":"https:\/\/api.w.org\/{rel}","templated":true}]}}