{"id":569,"date":"2017-08-27T16:47:53","date_gmt":"2017-08-27T14:47:53","guid":{"rendered":"http:\/\/www.pfarre-gisingen.at\/sebastian\/?page_id=569"},"modified":"2017-10-30T15:06:26","modified_gmt":"2017-10-30T14:06:26","slug":"eucharistie","status":"publish","type":"page","link":"https:\/\/www.pfarre-gisingen.at\/sebastian\/sakramente-und-begraebnis\/eucharistie","title":{"rendered":"Eucharistie"},"content":{"rendered":"\n<!-- Page-list plugin v.5.9 wordpress.org\/plugins\/page-list\/ -->\n<div class=\"page-list page-list-ext \">\n<div class=\"page-list-ext-item\"><h3 class=\"page-list-ext-title\"><a href=\"https:\/\/www.pfarre-gisingen.at\/sebastian\/sakramente-und-begraebnis\/eucharistie\/erstkommunion-vorbereitung-in-unserer-pfarre\" title=\"Erstkommunion: Vorbereitung in unserer Pfarre\">Erstkommunion: Vorbereitung in unserer Pfarre<\/a><\/h3><div class=\"page-list-ext-item-content\">Die Kinder werden auf dieses gro\u00dfe Glaubensfest im Religionsunterricht in den zweiten Klassen unserer Volksschulen vorbereitet.\r\n\r\nWeiters durch die vier Tischrunden, die von M\u00fcttern\/V\u00e4tern geleitet werden. Jede Tischmutter hat ca. 4 -6 Kinder in ihrere Gr...<\/div><\/div>\n\n<\/div>\n<h2>Was ist die hl. Messe ?<\/h2>\n<p><strong>Die Eucharistie<\/strong><br \/>\n<em>aus: Karl Wallner, Sakramente \u2013 was ist das?<\/em><br \/>\nGedanken zu den Sakramenten f\u00fcr junge Menschen.<\/p>\n<p>Am Abend seines letzten Lebenstages h\u00e4lt Jesus mit seinen J\u00fcngern die Feier des Paschamahles ab. Er wei\u00df, dass er am Kreuz sterben wird, die J\u00fcnger ahnen es noch nicht. Er nimmt bei diesem Mahl das Brot und sagt: \u201eDas ist mein Leib, der f\u00fcr euch hingegeben wird.\u201c Dann nimmt er den Kelch mit Wein und sagt: \u201eDas ist der neue Bund in meinem Blut. Tut dies zu meinem Ged\u00e4chtnis!\u201c Die J\u00fcnger verstanden noch nicht. Wenige Stunden sp\u00e4ter wird Jesus am Kreuz sein Leben hingeben: verzeihend wird er seinen Geist aushauchen (Markus 15,37; Matth\u00e4us 27,50) und aus seiner offenen Brustwunde werden Blut und Wasser flie\u00dfen (Johannes 19,34).<\/p>\n<p>Doch damit ist nicht alles aus, sondern alles f\u00e4ngt erst an: Jesus steht von den Toten auf, am dritten Tag, und erscheint den J\u00fcngern durch 40 Tage hindurch. Diese begreifen erst langsam, dass der Herr auferstanden ist. Und sie begreifen erst langsam, was diese Feier zu bedeuten hatte: dieses \u201eletzte Abendmahl\u201c vor dem Karfreitag: Es war die erste \u201eMesse\u201c, die erste \u201eEucharistiefeier\u201c, die \u201eErstkommunion\u201c der Apostel.<\/p>\n<p>Seit 2000 Jahren feiern die Apostel \u2013 und ihre Nachfolger, die Bisch\u00f6fe und Priester \u2013 nun also die Eucharistie, wie Jesus gesagt hat: \u201eTut dies zu meinem Ged\u00e4chtnis!\u201c Im ersten Teil der Messe wird Gott durch sein Wort gegenw\u00e4rtig (Lesung, Evangelium, Predigt, F\u00fcrbitten), im zweiten Teil wird Jesus im Sakrament der Eucharistie gegenw\u00e4rtig. Der Priester spricht bei der Wandlung die Worte Christi in der 1. Person Singular: \u201eDas ist mein Leib. Das ist mein Blut!\u201c Jesus selbst spricht also durch den Priester und es geschieht ein wirkliches Wunder: Die Hostie wird wirklich zum Leib des lebendigen Herrn, der Wein im Kelch wird wirklich zum Blut des gegenw\u00e4rtigen Herrn. Darum knien wir, darum lobpreisen wir, darum beten wir an.<\/p>\n<p>Jesus wollte uns die Eucharistie schenken, damit sein Wort in Erf\u00fcllung geht: \u201eSeid gewiss: Ich bin bei euch alle Tage bis zum Ende der Welt\u201c (Matth\u00e4us 28,20). Der Leib Christi wird in Gestalt des Brotes nach der Messe im Tabernakel aufbewahrt. Jesus selbst bleibt hier. Ein rotes \u00d6llicht zeigt es an: Der ewige Gott ist in dieser Kirche! Das Licht hei\u00dft darum \u201eewiges Licht\u201c, weil es uns erinnert, dass die Ewigkeit in unsere Zeit eingebrochen ist. Der unendliche Gott wohnt an diesem endlichen Ort. Ich kann jederzeit kommen, mit ihm sprechen, ihn anbeten und verherrlichen. Die Anbetung des Herrn ist eine gro\u00dfe Quelle der Kraft.<\/p>\n\n<!-- Page-list plugin v.5.9 wordpress.org\/plugins\/page-list\/ -->\n<div class=\"page-list page-list-ext \">\n<div class=\"page-list-ext-item\"><div class=\"page-list-ext-image\"><a href=\"https:\/\/www.pfarre-gisingen.at\/sebastian\/sakramente-und-begraebnis\/eucharistie\/kommuniongebete\" title=\"Kommuniongebete\"><img decoding=\"async\" src=\"https:\/\/www.pfarre-gisingen.at\/sebastian\/wp-content\/uploads\/2017\/09\/gisingen-tabernakel-e1574963871634-150x150.jpg\" width=\"150\" alt=\"Kommuniongebete\" \/><\/a><\/div> <h3 class=\"page-list-ext-title\"><a href=\"https:\/\/www.pfarre-gisingen.at\/sebastian\/sakramente-und-begraebnis\/eucharistie\/kommuniongebete\" title=\"Kommuniongebete\">Kommuniongebete<\/a><\/h3><div class=\"page-list-ext-item-content\">Mein Herr und mein Gott, \r\nohne Vorbehalt will ich mich ganz in deine H\u00e4nde geben.\r\nWohlergehen oder Not, Freude oder Kummer, Freundschaft oder Verlassenheit, Ehre oder Erniedrigung,\r\nTrost oder Trauer, deine Gegenwart oder das Verh\u00fclltsein deines Antlitzes \u2013...<\/div><\/div>\n\n<\/div>\n ","protected":false},"excerpt":{"rendered":"<p>Was ist die hl. Messe ? Die Eucharistie aus: Karl Wallner, Sakramente \u2013 was ist das? Gedanken zu den Sakramenten f\u00fcr junge Menschen. Am Abend <span class=\"readmore\"><a href=\"https:\/\/www.pfarre-gisingen.at\/sebastian\/sakramente-und-begraebnis\/eucharistie\">Weiter lesen &#8230;<\/a><\/span><\/p>\n","protected":false},"author":1,"featured_media":570,"parent":770,"menu_order":2,"comment_status":"closed","ping_status":"closed","template":"","meta":{"footnotes":""},"class_list":["post-569","page","type-page","status-publish","has-post-thumbnail","hentry"],"_links":{"self":[{"href":"https:\/\/www.pfarre-gisingen.at\/sebastian\/wp-json\/wp\/v2\/pages\/569","targetHints":{"allow":["GET"]}}],"collection":[{"href":"https:\/\/www.pfarre-gisingen.at\/sebastian\/wp-json\/wp\/v2\/pages"}],"about":[{"href":"https:\/\/www.pfarre-gisingen.at\/sebastian\/wp-json\/wp\/v2\/types\/page"}],"author":[{"embeddable":true,"href":"https:\/\/www.pfarre-gisingen.at\/sebastian\/wp-json\/wp\/v2\/users\/1"}],"replies":[{"embeddable":true,"href":"https:\/\/www.pfarre-gisingen.at\/sebastian\/wp-json\/wp\/v2\/comments?post=569"}],"version-history":[{"count":0,"href":"https:\/\/www.pfarre-gisingen.at\/sebastian\/wp-json\/wp\/v2\/pages\/569\/revisions"}],"up":[{"embeddable":true,"href":"https:\/\/www.pfarre-gisingen.at\/sebastian\/wp-json\/wp\/v2\/pages\/770"}],"wp:featuredmedia":[{"embeddable":true,"href":"https:\/\/www.pfarre-gisingen.at\/sebastian\/wp-json\/wp\/v2\/media\/570"}],"wp:attachment":[{"href":"https:\/\/www.pfarre-gisingen.at\/sebastian\/wp-json\/wp\/v2\/media?parent=569"}],"curies":[{"name":"wp","href":"https:\/\/api.w.org\/{rel}","templated":true}]}}