{"id":611,"date":"2017-08-28T11:37:36","date_gmt":"2017-08-28T09:37:36","guid":{"rendered":"http:\/\/www.pfarre-gisingen.at\/sebastian\/?page_id=611"},"modified":"2025-10-12T09:16:53","modified_gmt":"2025-10-12T07:16:53","slug":"unser-pfarrbuero","status":"publish","type":"page","link":"https:\/\/www.pfarre-gisingen.at\/sebastian\/unser-pfarrbuero","title":{"rendered":"Unser Pfarrb\u00fcro"},"content":{"rendered":"<p><a href=\"http:\/\/www.pfarre-gisingen.at\/sebastian\/wp-content\/uploads\/2017\/08\/gisin-pfarrsekr.jpg\"><img loading=\"lazy\" decoding=\"async\" class=\"alignleft wp-image-754\" src=\"http:\/\/www.pfarre-gisingen.at\/sebastian\/wp-content\/uploads\/2017\/08\/gisin-pfarrsekr-300x200.jpg\" alt=\"\" width=\"264\" height=\"176\" \/><\/a><strong>Adresse:<br \/>\n<\/strong>Pfarramt St. Sebastian Gisingen<br \/>\nSebastianplatz 8, A-6800 Feldkirch-Gisingen<\/p>\n<p><strong>\u00d6ffnungszeiten des Pfarrb\u00fcros:<\/strong><br \/>\nMO, Di, DO, FR von\u00a0 09.00 Uhr -11.00 Uhr; Mo 14.00- 16.00 Uhr, Do 14.00-17.00 Uhr;<\/p>\n<p>Unsere Pfarrsekret\u00e4rin Ruth Walser,<br \/>\n<a title=\"Anrufen\" href=\"tel:+43552271305\"> +43 (0)5522 71305 oder +43 (0)676 83240 8211<\/a><\/p>\n<p>&nbsp;<\/p>\n\n<!-- Page-list plugin v.5.9 wordpress.org\/plugins\/page-list\/ -->\n<div class=\"page-list page-list-ext \">\n<div class=\"page-list-ext-item\"><div class=\"page-list-ext-image\"><a href=\"https:\/\/www.pfarre-gisingen.at\/sebastian\/unser-pfarrbuero\/taufanmeldung\" title=\"Anmeldung zur Taufe\"><img decoding=\"async\" src=\"https:\/\/www.pfarre-gisingen.at\/sebastian\/wp-content\/uploads\/2017\/08\/taufe-gisingen-3-150x150.jpg\" width=\"150\" alt=\"Anmeldung zur Taufe\" \/><\/a><\/div> <h3 class=\"page-list-ext-title\"><a href=\"https:\/\/www.pfarre-gisingen.at\/sebastian\/unser-pfarrbuero\/taufanmeldung\" title=\"Anmeldung zur Taufe\">Anmeldung zur Taufe<\/a><\/h3><div class=\"page-list-ext-item-content\">Tauftermine \r\n\r\nDie Tauffeiern finden in unserer Pfarrgemeinde ca.\r\njeden zweiten Sonntag um 14:30 Uhr statt.\r\n\r\nSonntag, 21. Dezember\r\nSonntag, 11. J\u00e4nner\r\nSonntag, 25. J\u00e4nner\r\nSonntag, 08. Februar\r\nSonntag, 22. Februar\r\nSonntag, 08. M\u00e4rz\r\nSonntag, 22...<\/div><\/div>\n<div class=\"page-list-ext-item\"><div class=\"page-list-ext-image\"><a href=\"https:\/\/www.pfarre-gisingen.at\/sebastian\/unser-pfarrbuero\/anmeldung-zur-trauung\" title=\"Anmeldung zur Trauung\"><img decoding=\"async\" src=\"https:\/\/www.pfarre-gisingen.at\/sebastian\/wp-content\/uploads\/2017\/08\/gisingen-hochzeit-2-150x150.jpg\" width=\"150\" alt=\"Anmeldung zur Trauung\" \/><\/a><\/div> <h3 class=\"page-list-ext-title\"><a href=\"https:\/\/www.pfarre-gisingen.at\/sebastian\/unser-pfarrbuero\/anmeldung-zur-trauung\" title=\"Anmeldung zur Trauung\">Anmeldung zur Trauung<\/a><\/h3><div class=\"page-list-ext-item-content\">Das Sakrament der Ehe - die Trauung \r\n\r\nWir freuen uns, wenn Sie die Absicht haben, sich im Sakrament der Ehe vor Gott das Ja-Wort zu geben und sich f\u00fcr immer aneinander zu binden. Gott ist der Dritte im Bunde und schenkt seinen Segen und die Kraft, ...<\/div><\/div>\n<div class=\"page-list-ext-item\"><div class=\"page-list-ext-image\"><a href=\"https:\/\/www.pfarre-gisingen.at\/sebastian\/unser-pfarrbuero\/begraebnis\" title=\"Begr\u00e4bnis\"><img decoding=\"async\" src=\"https:\/\/www.pfarre-gisingen.at\/sebastian\/wp-content\/uploads\/2017\/08\/Beerdigung1-150x150.jpg\" width=\"150\" alt=\"Begr\u00e4bnis\" \/><\/a><\/div> <h3 class=\"page-list-ext-title\"><a href=\"https:\/\/www.pfarre-gisingen.at\/sebastian\/unser-pfarrbuero\/begraebnis\" title=\"Begr\u00e4bnis\">Begr\u00e4bnis<\/a><\/h3><div class=\"page-list-ext-item-content\">\r\n\r\nHinweise f\u00fcr Begr\u00e4bnisse in der Pfarre Gisingen  \r\nDer Tod eines Familienmitgliedes oder eines Bekannten ist nicht nur mit Trauer, sondern auch mit zahlreichen Aufgaben verbunden. Die nachfolgenden Informationen sollen Ihnen eine Hilfe und Unterst\u00fctzung be...<\/div><\/div>\n<div class=\"page-list-ext-item\"><div class=\"page-list-ext-image\"><a href=\"https:\/\/www.pfarre-gisingen.at\/sebastian\/unser-pfarrbuero\/wiedereintritt-in-die-kirche\" title=\"Wiedereintritt in die Kirche\"><img decoding=\"async\" src=\"https:\/\/www.pfarre-gisingen.at\/sebastian\/wp-content\/uploads\/2017\/09\/gisingen-eintritt-150x150.jpg\" width=\"150\" alt=\"Wiedereintritt in die Kirche\" \/><\/a><\/div> <h3 class=\"page-list-ext-title\"><a href=\"https:\/\/www.pfarre-gisingen.at\/sebastian\/unser-pfarrbuero\/wiedereintritt-in-die-kirche\" title=\"Wiedereintritt in die Kirche\">Wiedereintritt in die Kirche<\/a><\/h3><div class=\"page-list-ext-item-content\">Wir freuen uns, wenn Sie einen Wiedereintritt in unsere Gemeinschaft, die katholische Kirche, erw\u00e4gen.\r\n\r\nJesus hat uns zur Umkehr gerufen. Also erm\u00f6glicht er auch, dass wir wieder zu ihm und seinen Freunden geh\u00f6ren k\u00f6nnen.\r\n\r\nWer wieder in die kath. Kir...<\/div><\/div>\n<div class=\"page-list-ext-item\"><div class=\"page-list-ext-image\"><a href=\"https:\/\/www.pfarre-gisingen.at\/sebastian\/unser-pfarrbuero\/kirchenaustritt\" title=\"Kirchenaustritt\"><img decoding=\"async\" src=\"https:\/\/www.pfarre-gisingen.at\/sebastian\/wp-content\/uploads\/2017\/09\/gisingen-austritt-150x150.jpg\" width=\"150\" alt=\"Kirchenaustritt\" \/><\/a><\/div> <h3 class=\"page-list-ext-title\"><a href=\"https:\/\/www.pfarre-gisingen.at\/sebastian\/unser-pfarrbuero\/kirchenaustritt\" title=\"Kirchenaustritt\">Kirchenaustritt<\/a><\/h3><div class=\"page-list-ext-item-content\"> Es mag verschiedene Gr\u00fcnde geben, warum sich jemand von der Glaubensgemeinschaft, der Kirche, trennen will. Wir bedauern es sehr, wenn jemand diese Trennung vollzieht.\r\n\r\nWir bitten Sie, suchen Sie einen Priester Ihres Vertrauens oder sonst eine Person ...<\/div><\/div>\n<div class=\"page-list-ext-item\"><h3 class=\"page-list-ext-title\"><a href=\"https:\/\/www.pfarre-gisingen.at\/sebastian\/unser-pfarrbuero\/kontaktformular\" title=\"Kontaktformular\">Kontaktformular<\/a><\/h3><div class=\"page-list-ext-item-content\">[contact-form-7 id=\"580\" title=\"Kontaktformular 1\"]<\/div><\/div>\n\n<\/div>\n ","protected":false},"excerpt":{"rendered":"<p>Adresse: Pfarramt St. Sebastian Gisingen Sebastianplatz 8, A-6800 Feldkirch-Gisingen \u00d6ffnungszeiten des Pfarrb\u00fcros: MO, Di, DO, FR von\u00a0 09.00 Uhr -11.00 Uhr; Mo 14.00- 16.00 Uhr, <span class=\"readmore\"><a href=\"https:\/\/www.pfarre-gisingen.at\/sebastian\/unser-pfarrbuero\">Weiter lesen &#8230;<\/a><\/span><\/p>\n","protected":false},"author":1,"featured_media":443,"parent":0,"menu_order":0,"comment_status":"closed","ping_status":"closed","template":"","meta":{"footnotes":""},"class_list":["post-611","page","type-page","status-publish","has-post-thumbnail","hentry"],"_links":{"self":[{"href":"https:\/\/www.pfarre-gisingen.at\/sebastian\/wp-json\/wp\/v2\/pages\/611","targetHints":{"allow":["GET"]}}],"collection":[{"href":"https:\/\/www.pfarre-gisingen.at\/sebastian\/wp-json\/wp\/v2\/pages"}],"about":[{"href":"https:\/\/www.pfarre-gisingen.at\/sebastian\/wp-json\/wp\/v2\/types\/page"}],"author":[{"embeddable":true,"href":"https:\/\/www.pfarre-gisingen.at\/sebastian\/wp-json\/wp\/v2\/users\/1"}],"replies":[{"embeddable":true,"href":"https:\/\/www.pfarre-gisingen.at\/sebastian\/wp-json\/wp\/v2\/comments?post=611"}],"version-history":[{"count":3,"href":"https:\/\/www.pfarre-gisingen.at\/sebastian\/wp-json\/wp\/v2\/pages\/611\/revisions"}],"predecessor-version":[{"id":25453,"href":"https:\/\/www.pfarre-gisingen.at\/sebastian\/wp-json\/wp\/v2\/pages\/611\/revisions\/25453"}],"wp:featuredmedia":[{"embeddable":true,"href":"https:\/\/www.pfarre-gisingen.at\/sebastian\/wp-json\/wp\/v2\/media\/443"}],"wp:attachment":[{"href":"https:\/\/www.pfarre-gisingen.at\/sebastian\/wp-json\/wp\/v2\/media?parent=611"}],"curies":[{"name":"wp","href":"https:\/\/api.w.org\/{rel}","templated":true}]}}