{"id":613,"date":"2017-08-28T11:40:48","date_gmt":"2017-08-28T09:40:48","guid":{"rendered":"http:\/\/www.pfarre-gisingen.at\/sebastian\/?page_id=613"},"modified":"2017-09-17T14:53:31","modified_gmt":"2017-09-17T12:53:31","slug":"begraebnis","status":"publish","type":"page","link":"https:\/\/www.pfarre-gisingen.at\/sebastian\/unser-pfarrbuero\/begraebnis","title":{"rendered":"Begr\u00e4bnis"},"content":{"rendered":"\n<!-- Page-list plugin v.5.9 wordpress.org\/plugins\/page-list\/ -->\n<div class=\"page-list page-list-ext \">\n<div class=\"page-list-ext-item\"><div class=\"page-list-ext-image\"><a href=\"https:\/\/www.pfarre-gisingen.at\/sebastian\/unser-pfarrbuero\/begraebnis\/erdbestattung-einaescherung-umgang-mit-der-asche\" title=\"Erdbestattung - Ein\u00e4scherung - Umgang mit der Asche\"><img decoding=\"async\" src=\"https:\/\/www.pfarre-gisingen.at\/sebastian\/wp-content\/uploads\/2017\/08\/Beerdigung1-150x150.jpg\" width=\"150\" alt=\"Erdbestattung - Ein\u00e4scherung - Umgang mit der Asche\" \/><\/a><\/div> <h3 class=\"page-list-ext-title\"><a href=\"https:\/\/www.pfarre-gisingen.at\/sebastian\/unser-pfarrbuero\/begraebnis\/erdbestattung-einaescherung-umgang-mit-der-asche\" title=\"Erdbestattung - Ein\u00e4scherung - Umgang mit der Asche\">Erdbestattung - Ein\u00e4scherung - Umgang mit der Asche<\/a><\/h3><div class=\"page-list-ext-item-content\">Am 15. August hat der Vatikan zum Thema Erdbestattung und Ein\u00e4scherung in der Instruktion Ad resurgendum cum Christo Stellung bezogen. \r\n\r\nIm Folgenden werden hier einige wichtige und f\u00fcr uns Christen hilfreiche Anweisungen und Begr\u00fcndungen gegeben. \r\n...<\/div><\/div>\n\n<\/div>\n<h2>\n<strong>Hinweise f\u00fcr Begr\u00e4bnisse in der Pfarre Gisingen<\/strong><\/h2>\n<p>Der Tod eines Familienmitgliedes oder eines Bekannten ist nicht nur mit Trauer, sondern auch mit zahlreichen Aufgaben verbunden. Die nachfolgenden Informationen sollen Ihnen eine Hilfe und Unterst\u00fctzung bei der Bew\u00e4ltigung dieser schwierigen Situation bieten.<\/p>\n<p><strong>Was ist als erstes zu tun?<\/strong><\/p>\n<p><strong>Kontaktieren Sie bitte die Pfarre<\/strong><br \/>\nTel. 05522 \/ 71305<br \/>\n<strong>Und ein Bestattungsunternehmen<\/strong><br \/>\n(Hinweise weiter unten)<\/p>\n<p><strong>Kontakt zur Pfarre Gisingen<\/strong><\/p>\n<p>Bei einem Todesfall wenden Sie sich bitte an die Pfarre, Telefon 05522\/ 71305. Sollte niemand Ihren Anruf entgegennehmen k\u00f6nnen, bitten wir Sie auf den Anrufbeantworter zu sprechen und eine Nachricht zu hinterlassen.<br \/>\nGemeinsam mit den Angeh\u00f6rigen wird ein Beerdigungstermin, die Gestaltung der Totenwache und des Trauergottesdienstes oder der Verabschiedung vereinbart.<br \/>\nF\u00fcr die musikalische Gestaltung des Trauergottesdienstes (Orgelspiel, S\u00e4ngerin) bietet die Pfarre ebenfalls ihre Vermittlungsdienste an.<\/p>\n<p><strong>Friedhofsverwaltung<\/strong><\/p>\n<p>Um eine Grabst\u00e4tte festzulegen, wenden Sie sich bitte an das Pfarrsekretariat, Tel. 05522 \/ 71305-20.<br \/>\nAm Gisinger Friedhof k\u00f6nnen alle Verstorbenen, die im Ort gewohnt haben, beerdigt bzw. beigesetzt werden. Ausw\u00e4rtige Personen finden normalerweise nur dann in Gisingen ihre letzte Ruhest\u00e4tte, wenn sie eine besondere Beziehung zur Pfarre hatten.<br \/>\nAuf unserem Friedhof sind Erdbestattungen und Urnenbeisetzungen m\u00f6glich. Es gibt auch ein Gemeinschaftsgrab f\u00fcr Urnen.<\/p>\n<p><strong>Kontakt zum Bestatter<\/strong><\/p>\n<p>Die Bestatter sind nicht nur bei der eigentlichen Beerdigung oder Kremation behilflich, sie bieten auch verschiedenste Dienste an (z.B. Ausstellung Sterbeurkunde, Todesanzeigen in Zeitungen, Partenzettel, Beschaffung von Urkunden, usw.).<\/p>\n<p><strong>Bestatter im Bezirk Feldkirch:<\/strong><\/p>\n<ul>\n<li>Ammann, Spl\u00fcgenweg 1, 6830 Rankweil, Tel. Nr. 22\/42104, \u00a0\u00a0\u00a0\u00a0\u00a0\u00a0\u00a0\u00a0\u00a0\u00a0\u00a0 <a class=\"ext\" href=\"http:\/\/www.bestattung-ammann.at\">www.bestattung-ammann.at<\/a><\/li>\n<li>Gohm, Schregenbergstra\u00dfe 5, 6800 Tosters, Tel. Nr. 22\/76071,\u00a0\u00a0\u00a0\u00a0\u00a0 <a class=\"ext\" href=\"http:\/\/www.gohm.at\">www.gohm.at<\/a><\/li>\n<li>Nuck, Neustadt 1, 6800 Feldkirch, Tel. Nr. 22\/70233,\u00a0\u00a0\u00a0\u00a0\u00a0\u00a0\u00a0\u00a0\u00a0\u00a0\u00a0\u00a0\u00a0\u00a0\u00a0\u00a0\u00a0\u00a0\u00a0\u00a0\u00a0\u00a0\u00a0\u00a0 <a class=\"ext\" href=\"http:\/\/www.bestattung-nuck.com\">www.bestattung-nuck.com<\/a><\/li>\n<\/ul>\n<p>&nbsp;<\/p>\n<p><strong>Bestattung von aus der Kirche Ausgetretenen<\/strong><\/p>\n<p>Der Austritt eines Getauften aus der Kirche durch die Abmeldung bei der Bezirkshauptmannschaft hat (fast) immer etwas Leidvolles an sich. Die Gr\u00fcnde f\u00fcr einen solchen Schritt sind sehr unterschiedlich.<br \/>\nIm Vorfeld eines solchen Schrittes w\u00e4re auch ein Gespr\u00e4ch mit jemandem aus der Pfarre, gerne auch mit mir, w\u00fcnschenswert.<\/p>\n<p>Wie soll die Kirche, wie soll unsere Pfarrgemeinde damit umgehen? Jeder Mensch ist frei im Hinblick auf die Wahl seines Glaubens. Die Entscheidung und die damit verbundene Verantwortung kann ihm niemand abnehmen. Wenn ein Erwachsener diesen Schritt tut, bekundet er damit, nicht mehr zur Gemeinschaft der Kirche geh\u00f6ren zu wollen.<\/p>\n<p>Wenn ein Ausgetretener stirbt, respektiert die Kirche seinen Willen, weshalb \u2013 laut kirchlicher Richtlinie &#8211; in dieser Situation ein kirchliches Begr\u00e4bnis nicht gefeiert werden darf.<br \/>\nSeit dem Beschluss des\u00a0 PGR (siehe Pfarrblatt 2\/2012) sind wir eine der wenigen Pfarren, die durch die Pfarre selbst eine Verabschiedung f\u00fcr ausgetretene Verstorbene in der Kirche anbieten. Solche Verabschiedungen hatte ich im letzten Jahr sechs. \u201eAbschied in W\u00fcrde\u201c und \u00e4hnlichen Organisationen stellen wir die Kirche nicht zur Verf\u00fcgung, weil uns daran liegt, dass f\u00fcr den Verstorbenen gebetet wird und die Feier einen christlichen Charakter tr\u00e4gt. Bei einer Verabschiedung durch die Pfarre bleibt der Sarg bzw. die Urne in der Totenkapelle aufgebahrt. Wir glauben, dass dadurch die Entscheidung des Verstorbenen ernst genommen wird und die L\u00f6sung stimmiger ist, auch wenn das f\u00fcr Angeh\u00f6rige Schmerzen verursachen kann. Die Trennung von der Glaubensgemeinschaft der sichtbaren Kirche ist bedauerlicherweise keine Kleinigkeit.<\/p>\n<p>Wir haben uns zu dieser L\u00f6sung entschieden, weil wir \u00fcberzeugt sind, dass sie ehrlich ist. Sie nimmt die Entscheidung des Verstorbenen ernst, respektiert sie, kommt den Angeh\u00f6rigen durch das Angebot einer pfarrlichen Verabschiedung entgegen und die Botschaft Jesu von der Bedeutung der Kirche als Glaubensgemeinschaft wird gewahrt.<br \/>\nUnsere ansprechende Totenkapelle steht f\u00fcr Verabschiedungen durch andere selbstverst\u00e4ndlich zur Verf\u00fcgung.<\/p>\n<p><strong>Bestattung von Personen anderer Konfessionen<\/strong><\/p>\n<p>Unser Friedhof steht zwar unter kirchlicher Verwaltung, es besteht aber f\u00fcr Verstorbene aller Bekenntnisse Gastrecht gem\u00e4\u00df der Friedhofsordnung.<br \/>\nWer die pfarrlichen Einrichtungen f\u00fcr ein Begr\u00e4bnis eines nichtkatholischen Verstorbenen beanspruchen will, m\u00f6ge sich rechtzeitig mit der Pfarre, Tel. 05522\/71305 in Verbindung setzen.<\/p>\n<p><strong>Verabschiedung eines \/ einer Verstorbenen<\/strong><\/p>\n<ul>\n<li>\u00dcberf\u00fchrung des Verstorbenen ins Krematorium durch den Bestatter<\/li>\n<li>Totenwache am Vorabend um 18.30 Uhr<\/li>\n<li>Begr\u00e4bnisfeier mit anschlie\u00dfender Beerdigung bzw. Beisetzung<\/li>\n<li>(Mo.-Fr. 14.30 Uhr; Sa. 10.00 Uhr)<\/li>\n<\/ul>\n<ul>\n<li>Anschlie\u00dfend Beisetzungsfeier am Grab<\/li>\n<\/ul>\n<p><strong>Totenwache und Trauergottesdienst<\/strong><\/p>\n<p>Die Totenwache wird in der Regel am Vorabend der Beerdigung in der Pfarrkirche gehalten. Unser Trauerteam hilft gerne bei der Gestaltung<\/p>\n<p>Trauergottesdienst mit anschlie\u00dfender Beisetzung auf dem Friedhof<br \/>\nBeginnzeiten: an Werktagen au\u00dfer Samstag um 14.30 Uhr, am Samstag um 10.00 Uhr<\/p>\n<p>Die Mitgestaltung der Angeh\u00f6rigen bei der Totenwache und dem Trauergottesdienst ist erw\u00fcnscht.<\/p>\n<p><strong>Begr\u00e4bniskosten<\/strong><\/p>\n<p>F\u00fcr das Begr\u00e4bnis stellt die Friedhofsverwaltung f\u00fcr verstorbene Katholiken folgendes in Rechnung:<\/p>\n<ol>\n<li>Grabgeb\u00fchren laut Friedhofsordnung<\/li>\n<li>Begr\u00e4bniskosten (ggf. musikalische Gestaltung)<\/li>\n<\/ol>\n<p>Bei nicht-katholischen Verstorbenen kommt gew\u00f6hnlich die Totenkapellengeb\u00fchr hinzu.<\/p>\n<p>Es besteht auch die M\u00f6glichkeit, die Begr\u00e4bniskosten noch zu Lebzeiten zu regeln. Genauere Informationen erteilen die Bestatter.<\/p>\n ","protected":false},"excerpt":{"rendered":"<p>Hinweise f\u00fcr Begr\u00e4bnisse in der Pfarre Gisingen Der Tod eines Familienmitgliedes oder eines Bekannten ist nicht nur mit Trauer, sondern auch mit zahlreichen Aufgaben verbunden. <span class=\"readmore\"><a href=\"https:\/\/www.pfarre-gisingen.at\/sebastian\/unser-pfarrbuero\/begraebnis\">Weiter lesen &#8230;<\/a><\/span><\/p>\n","protected":false},"author":1,"featured_media":614,"parent":611,"menu_order":4,"comment_status":"closed","ping_status":"closed","template":"","meta":{"footnotes":""},"class_list":["post-613","page","type-page","status-publish","has-post-thumbnail","hentry"],"_links":{"self":[{"href":"https:\/\/www.pfarre-gisingen.at\/sebastian\/wp-json\/wp\/v2\/pages\/613","targetHints":{"allow":["GET"]}}],"collection":[{"href":"https:\/\/www.pfarre-gisingen.at\/sebastian\/wp-json\/wp\/v2\/pages"}],"about":[{"href":"https:\/\/www.pfarre-gisingen.at\/sebastian\/wp-json\/wp\/v2\/types\/page"}],"author":[{"embeddable":true,"href":"https:\/\/www.pfarre-gisingen.at\/sebastian\/wp-json\/wp\/v2\/users\/1"}],"replies":[{"embeddable":true,"href":"https:\/\/www.pfarre-gisingen.at\/sebastian\/wp-json\/wp\/v2\/comments?post=613"}],"version-history":[{"count":0,"href":"https:\/\/www.pfarre-gisingen.at\/sebastian\/wp-json\/wp\/v2\/pages\/613\/revisions"}],"up":[{"embeddable":true,"href":"https:\/\/www.pfarre-gisingen.at\/sebastian\/wp-json\/wp\/v2\/pages\/611"}],"wp:featuredmedia":[{"embeddable":true,"href":"https:\/\/www.pfarre-gisingen.at\/sebastian\/wp-json\/wp\/v2\/media\/614"}],"wp:attachment":[{"href":"https:\/\/www.pfarre-gisingen.at\/sebastian\/wp-json\/wp\/v2\/media?parent=613"}],"curies":[{"name":"wp","href":"https:\/\/api.w.org\/{rel}","templated":true}]}}