{"id":616,"date":"2017-08-28T11:44:38","date_gmt":"2017-08-28T09:44:38","guid":{"rendered":"http:\/\/www.pfarre-gisingen.at\/sebastian\/?page_id=616"},"modified":"2025-12-21T22:30:59","modified_gmt":"2025-12-21T21:30:59","slug":"taufanmeldung","status":"publish","type":"page","link":"https:\/\/www.pfarre-gisingen.at\/sebastian\/unser-pfarrbuero\/taufanmeldung","title":{"rendered":"Anmeldung zur Taufe"},"content":{"rendered":"<p><strong>Tauftermine<\/strong><\/p>\n<p>Die Tauffeiern finden in unserer Pfarrgemeinde ca.<br \/>\njeden zweiten Sonntag um 14:30 Uhr statt.<\/p>\n<p>Sonntag, 21. Dezember<br \/>\nSonntag, 11. J\u00e4nner<br \/>\nSonntag, 25. J\u00e4nner<br \/>\nSonntag, 08. Februar<br \/>\nSonntag, 22. Februar<br \/>\nSonntag, 08. M\u00e4rz<br \/>\nSonntag, 22. M\u00e4rz<\/p>\n<p>.<\/p>\n<p><strong>Taufanmeldung<\/strong><\/p>\n<p>Die Taufe ist ein gro\u00dfes Geschenk Gottes an uns Menschen! Wir freuen uns, wenn Sie sich entschlie\u00dfen, Ihr Kind taufen zu lassen.<\/p>\n<p>Die Anmeldung erfolgt im Pfarrb\u00fcro (05522\/71305-20) oder<br \/>\n<a class=\"mailto\" href=\"mailto:pfarramt@pfarre-gisingen.at\">pfarramt@pfarre-gisingen.at<\/a><br \/>\nWir bitten Sie folgendes mitzubringen:<\/p>\n<ul>\n<li>Geburtsurkunde des Kindes<\/li>\n<li>Aktuelle Taufscheinerg\u00e4nzung der Mutter, des Vaters und der Paten sofern\u00a0sie nicht in Vorarlberg getauft wurden.<\/li>\n<li>standesamtliche Hochzeitsurkunde (sofern vorhanden)<\/li>\n<\/ul>\n<p>Die aktuellen Taufscheinerg\u00e4nzungen k\u00f6nnen Sie in jener Pfarre erhalten, in der die Taufe stattgefunden hat. Ein alter Taufschein gen\u00fcgt leider nicht!<\/p>\n<p>Danke f\u00fcr Ihr Verst\u00e4ndnis! Wir w\u00fcnschen Ihnen Gottes Segen und Gesundheit!<\/p>\n<p><strong>&#8222;Die Taufe hat uns einen anderen Familiennamen verliehen:<\/strong><br \/>\n<strong>von Gott, von Christus, Christ!&#8220;<\/strong><br \/>\nMutter Julia Verhaeghe<\/p>\n ","protected":false},"excerpt":{"rendered":"<p>Tauftermine Die Tauffeiern finden in unserer Pfarrgemeinde ca. jeden zweiten Sonntag um 14:30 Uhr statt. Sonntag, 21. Dezember Sonntag, 11. J\u00e4nner Sonntag, 25. J\u00e4nner Sonntag, <span class=\"readmore\"><a href=\"https:\/\/www.pfarre-gisingen.at\/sebastian\/unser-pfarrbuero\/taufanmeldung\">Weiter lesen &#8230;<\/a><\/span><\/p>\n","protected":false},"author":1,"featured_media":563,"parent":611,"menu_order":1,"comment_status":"closed","ping_status":"closed","template":"","meta":{"footnotes":""},"class_list":["post-616","page","type-page","status-publish","has-post-thumbnail","hentry"],"_links":{"self":[{"href":"https:\/\/www.pfarre-gisingen.at\/sebastian\/wp-json\/wp\/v2\/pages\/616","targetHints":{"allow":["GET"]}}],"collection":[{"href":"https:\/\/www.pfarre-gisingen.at\/sebastian\/wp-json\/wp\/v2\/pages"}],"about":[{"href":"https:\/\/www.pfarre-gisingen.at\/sebastian\/wp-json\/wp\/v2\/types\/page"}],"author":[{"embeddable":true,"href":"https:\/\/www.pfarre-gisingen.at\/sebastian\/wp-json\/wp\/v2\/users\/1"}],"replies":[{"embeddable":true,"href":"https:\/\/www.pfarre-gisingen.at\/sebastian\/wp-json\/wp\/v2\/comments?post=616"}],"version-history":[{"count":3,"href":"https:\/\/www.pfarre-gisingen.at\/sebastian\/wp-json\/wp\/v2\/pages\/616\/revisions"}],"predecessor-version":[{"id":26250,"href":"https:\/\/www.pfarre-gisingen.at\/sebastian\/wp-json\/wp\/v2\/pages\/616\/revisions\/26250"}],"up":[{"embeddable":true,"href":"https:\/\/www.pfarre-gisingen.at\/sebastian\/wp-json\/wp\/v2\/pages\/611"}],"wp:featuredmedia":[{"embeddable":true,"href":"https:\/\/www.pfarre-gisingen.at\/sebastian\/wp-json\/wp\/v2\/media\/563"}],"wp:attachment":[{"href":"https:\/\/www.pfarre-gisingen.at\/sebastian\/wp-json\/wp\/v2\/media?parent=616"}],"curies":[{"name":"wp","href":"https:\/\/api.w.org\/{rel}","templated":true}]}}