{"id":621,"date":"2017-08-28T11:58:47","date_gmt":"2017-08-28T09:58:47","guid":{"rendered":"http:\/\/www.pfarre-gisingen.at\/sebastian\/?page_id=621"},"modified":"2017-09-16T23:46:40","modified_gmt":"2017-09-16T21:46:40","slug":"ehe","status":"publish","type":"page","link":"https:\/\/www.pfarre-gisingen.at\/sebastian\/sakramente-und-begraebnis\/ehe","title":{"rendered":"Ehe"},"content":{"rendered":"<p>\n<!-- Page-list plugin v.5.9 wordpress.org\/plugins\/page-list\/ -->\n<div class=\"page-list page-list-ext \">\n<div class=\"page-list-ext-item\"><div class=\"page-list-ext-image\"><a href=\"https:\/\/www.pfarre-gisingen.at\/sebastian\/sakramente-und-begraebnis\/ehe\/ehevorbereitung\" title=\"Ehevorbereitung\"><img decoding=\"async\" src=\"https:\/\/www.pfarre-gisingen.at\/sebastian\/wp-content\/uploads\/2017\/08\/gisingen-hochzeit-150x150.jpg\" width=\"150\" alt=\"Ehevorbereitung\" \/><\/a><\/div> <h3 class=\"page-list-ext-title\"><a href=\"https:\/\/www.pfarre-gisingen.at\/sebastian\/sakramente-und-begraebnis\/ehe\/ehevorbereitung\" title=\"Ehevorbereitung\">Ehevorbereitung<\/a><\/h3><div class=\"page-list-ext-item-content\">Die christliche Ehe ist etwas Gro\u00dfes und Sch\u00f6nes: sie ist ein Sakrament. Gro\u00dfe Dinge wollen gut vorbereitet sein.\r\n\r\nEntfernte Vorbereitung: \r\n\r\n \tDurch ein Leben aus dem Glauben \r\n \tDurch das t\u00e4gliche Gebet, das Gespr\u00e4ch mit Gott \r\n \tDurch die Mitfeier der ...<\/div><\/div>\n<div class=\"page-list-ext-item\"><div class=\"page-list-ext-image\"><a href=\"https:\/\/www.pfarre-gisingen.at\/sebastian\/unser-pfarrbuero\/anmeldung-zur-trauung\" title=\"Anmeldung zur Trauung\"><img decoding=\"async\" src=\"https:\/\/www.pfarre-gisingen.at\/sebastian\/wp-content\/uploads\/2017\/08\/gisingen-hochzeit-2-150x150.jpg\" width=\"150\" alt=\"Anmeldung zur Trauung\" \/><\/a><\/div> <h3 class=\"page-list-ext-title\"><a href=\"https:\/\/www.pfarre-gisingen.at\/sebastian\/unser-pfarrbuero\/anmeldung-zur-trauung\" title=\"Anmeldung zur Trauung\">Anmeldung zur Trauung<\/a><\/h3><div class=\"page-list-ext-item-content\">Das Sakrament der Ehe - die Trauung \r\n\r\nWir freuen uns, wenn Sie die Absicht haben, sich im Sakrament der Ehe vor Gott das Ja-Wort zu geben und sich f\u00fcr immer aneinander zu binden. Gott ist der Dritte im Bunde und schenkt seinen Segen und die Kraft, ...<\/div><\/div>\n\n<\/div><br \/>\n\n<!-- Page-list plugin v.5.9 wordpress.org\/plugins\/page-list\/ -->\n<div class=\"page-list page-list-ext \">\n<div class=\"page-list-ext-item\"><div class=\"page-list-ext-image\"><a href=\"https:\/\/www.pfarre-gisingen.at\/sebastian\/sakramente-und-begraebnis\/ehe\/begleitung-von-paaren-und-einzelnen-menschen\" title=\"Begleitung von Paaren und einzelnen Menschen\"><img decoding=\"async\" src=\"https:\/\/www.pfarre-gisingen.at\/sebastian\/wp-content\/uploads\/2017\/08\/gisingen-familie-150x150.jpg\" width=\"150\" alt=\"Begleitung von Paaren und einzelnen Menschen\" \/><\/a><\/div> <h3 class=\"page-list-ext-title\"><a href=\"https:\/\/www.pfarre-gisingen.at\/sebastian\/sakramente-und-begraebnis\/ehe\/begleitung-von-paaren-und-einzelnen-menschen\" title=\"Begleitung von Paaren und einzelnen Menschen\">Begleitung von Paaren und einzelnen Menschen<\/a><\/h3><div class=\"page-list-ext-item-content\"> Maria und Christoph Alton haben sich bereit erkl\u00e4rt, einzelnen Personen und Paaren durch Austausch und Gespr\u00e4che zur Verf\u00fcgung zu stehen. Beide sind ausgebildete Familientrainer. Es ist f\u00fcr uns als Pfarre ein Geschenk, Menschen zu haben, die gerne ihr...<\/div><\/div>\n\n<\/div><\/p>\n<h2>Was ist die Ehe?<\/h2>\n<p><strong>Das Sakrament der Ehe<\/strong><\/p>\n<p>Die Liebe zwischen Mann und Frau hat ihren tiefsten Grund nicht blo\u00df in menschlichen Empfindungen und Gef\u00fchlen, in Bed\u00fcrfnissen und Erwartungen, sondern im Willen Gottes. Er erschafft den Menschen als Mann und Frau, damit sie eine innige Lebens- und Liebesgemeinschaft bilden. Er segnet sie als Paar, nicht mehr als einzelne, und gibt ihnen den Auftrag, ihre Liebe fruchtbar werden zu lassen. (vgl. Gen 1,26ff)<\/p>\n<p><strong>Die Liebe<\/strong><\/p>\n<p>Wer einen Menschen liebt, sagt zu ihm: Wie gut, da\u00df es dich gibt. Wenn Gott nach der Erschaffung des Menschen als Mann und Frau feststellte: Es ist sehr gut (vgl. Gen 1,31), dann d\u00fcrfen wir sagen: Gott hat den Menschen aus Liebe erschaffen und zur Liebe berufen.<br \/>\nWeil Gott sich in der Liebe ganz und vorbehaltlos schenkt, soll auch die Liebe der Ehepartner ganz und ohne Vorbehalt sein.<br \/>\nWeil Gottes Liebe unwiderruflich ist, sollen auch Mann und Frau sich in treuer Liebe zugetan bleiben.<br \/>\nWeil Gottes Liebe sich sch\u00f6pferisch verstr\u00f6mt, soll auch die eheliche Liebe sich sch\u00f6pferisch verschenken.<\/p>\n<p><strong>Das Sakrament<\/strong><\/p>\n<p>So ist die christliche Ehe etwas ganz Gro\u00dfes. In der gegenseitigen Liebe von Mann und Frau soll f\u00fcr die Menschen etwas erfahrbar werden von der Liebe Gottes zu den Menschen, von der Liebe von Jesus Christus zu seiner Kirche. Dem christlichen Brautpaar begegnet Christus als Br\u00e4utigam seiner Braut, der Kirche. Deshalb ist f\u00fcr uns die Ehe ein Sakrament. Sie ist ein Zeichen, das bewirkt, was es bedeutet. So steht die Ehe unter dem besonderen Segen Gottes (Gen 1,28). Gott selber steht fest zur Entscheidung der Eheleute und hei\u00dft sie ausdr\u00fccklich gut. Er wird auch dann noch zu dieser Entscheidung stehen, wenn es den Eheleuten selber einmal schwer fallen sollte. Er will ihnen helfen, ihre Entscheidung in aller Angefochtenheit durchzutragen.<\/p>\n ","protected":false},"excerpt":{"rendered":"<p>Was ist die Ehe? Das Sakrament der Ehe Die Liebe zwischen Mann und Frau hat ihren tiefsten Grund nicht blo\u00df in menschlichen Empfindungen und Gef\u00fchlen, <span class=\"readmore\"><a href=\"https:\/\/www.pfarre-gisingen.at\/sebastian\/sakramente-und-begraebnis\/ehe\">Weiter lesen &#8230;<\/a><\/span><\/p>\n","protected":false},"author":1,"featured_media":619,"parent":770,"menu_order":7,"comment_status":"closed","ping_status":"closed","template":"","meta":{"footnotes":""},"class_list":["post-621","page","type-page","status-publish","has-post-thumbnail","hentry"],"_links":{"self":[{"href":"https:\/\/www.pfarre-gisingen.at\/sebastian\/wp-json\/wp\/v2\/pages\/621","targetHints":{"allow":["GET"]}}],"collection":[{"href":"https:\/\/www.pfarre-gisingen.at\/sebastian\/wp-json\/wp\/v2\/pages"}],"about":[{"href":"https:\/\/www.pfarre-gisingen.at\/sebastian\/wp-json\/wp\/v2\/types\/page"}],"author":[{"embeddable":true,"href":"https:\/\/www.pfarre-gisingen.at\/sebastian\/wp-json\/wp\/v2\/users\/1"}],"replies":[{"embeddable":true,"href":"https:\/\/www.pfarre-gisingen.at\/sebastian\/wp-json\/wp\/v2\/comments?post=621"}],"version-history":[{"count":0,"href":"https:\/\/www.pfarre-gisingen.at\/sebastian\/wp-json\/wp\/v2\/pages\/621\/revisions"}],"up":[{"embeddable":true,"href":"https:\/\/www.pfarre-gisingen.at\/sebastian\/wp-json\/wp\/v2\/pages\/770"}],"wp:featuredmedia":[{"embeddable":true,"href":"https:\/\/www.pfarre-gisingen.at\/sebastian\/wp-json\/wp\/v2\/media\/619"}],"wp:attachment":[{"href":"https:\/\/www.pfarre-gisingen.at\/sebastian\/wp-json\/wp\/v2\/media?parent=621"}],"curies":[{"name":"wp","href":"https:\/\/api.w.org\/{rel}","templated":true}]}}