{"id":631,"date":"2017-08-28T23:02:33","date_gmt":"2017-08-28T21:02:33","guid":{"rendered":"http:\/\/www.pfarre-gisingen.at\/sebastian\/?page_id=631"},"modified":"2017-09-06T17:41:14","modified_gmt":"2017-09-06T15:41:14","slug":"krankensalbung","status":"publish","type":"page","link":"https:\/\/www.pfarre-gisingen.at\/sebastian\/sakramente-und-begraebnis\/krankensalbung","title":{"rendered":"Krankensalbung"},"content":{"rendered":"<p><strong>Was ist die Krankensalbung?<\/strong><\/p>\n<p>Sie als Sakrament eine tats\u00e4chliche Begegnung des Kranken mit Jesus Christus, der f\u00fcr uns Leid und Kreuz auf sich genommen hat. Durch diese gnadenvolle Begegnung st\u00e4rkt Jesus den Schwerkranken oder Sterbenden, schenkt Kraft und Trost und in manchen F\u00e4llen auch Heilung.<\/p>\n<p><strong>Wer kann die Krankensalbung empfangen?<\/strong><\/p>\n<p>Die heilige Salbung soll jenen Gl\u00e4ubigen gespendet werden, die sich wegen Krankheit oder Altersschw\u00e4che in einem bedrohlich angegriffenen Gesundheitszustand befinden. Die Krankensalbung ist nicht nur f\u00fcr Sterbende, sondern zuerst und vor allem f\u00fcr Schwerkranke.<\/p>\n<p><strong>Wunsch nach der Krankensalbung?<\/strong><\/p>\n<p>Wer die Krankensalbung w\u00fcnscht, die im Normalfall verbunden ist mit einer Beichte, kann sich gerne beim Pfarrer oder Kaplan melden.<\/p>\n<h3>Gedanken zur Krankensalbung<\/h3>\n<p>Aus: Karl Wallner, Sakramente \u2013 was ist das?<\/p>\n<p><strong>Gedanken zu den Sakramenten f\u00fcr junge Menschen.<\/strong><\/p>\n<p>Jesus hat schon zu Lebzeiten seinen Aposteln den Auftrag gegeben, zu heilen: \u201eUnd sie machten sich auf den Weg und riefen die Menschen zur Umkehr auf. Sie trieben viele D\u00e4monen aus und salbten viele Kranke mit \u00d6l und heilten sie\u201c (Markus 6,12-13). Die Salbung mit \u00d6l bedeutet: Heilung. Im Jakobusbrief lesen wir, dass in der Urkirche die \u201epresbyteroi\u201c (aus diesem griechischen Wort leitet sich unser deutsches Wort \u201ePriester\u201c ab) gerufen wurden, wenn jemand krank war: \u201eIst einer von euch krank? Dann rufe er die \u00c4ltesten der Gemeinde zu sich; sie sollen Gebete \u00fcber ihn sprechen und ihn im Namen des Herrn mit \u00d6l salben. Das gl\u00e4ubige Gebet wird den Kranken retten, und der Herr wird ihn aufrichten; wenn er S\u00fcnden begangen hat, werden sie ihm vergeben\u201c(Jakobusbrief 5,14-15).<\/p>\n<p>Heute nennen wir dieses Sakrament \u201eKrankensalbung\u201c. Diese Salbung an Stirn und H\u00e4nden soll bei ernster Krankheit von einem Priester gespendet werden, zusammen mit Beichte und heiliger Kommunion, wenn dies m\u00f6glich ist. Leider hat man fr\u00fcher von \u201eLetzter \u00d6lung\u201c gesprochen, sodass manche Leute dieses Sakrament gleich mit dem Sterben in Verbindung bringen. Das ist ein b\u00f6ses Missverst\u00e4ndnis! Krankensalbung erinnert zwar, dass das eigentliche Ziel des Lebens der Himmel ist, aber es hat nichts mit \u201eSterben-m\u00fcssen\u201c zu tun! Bei der Krankensalbung spricht der Priester: \u201eDer Herr, der dich von S\u00fcnden befreit, rette dich, in seiner Gnade richte er dich auf!\u201c Das Sakrament bewirkt also das \u201eAufrichten\u201c, und oft kann man es erleben, dass jemand nach der Krankensalbung auch k\u00f6rperlich wieder gesund wird!<\/p>\n<p>Die Krankensalbung ist ein wunderbares Sakrament. Jesus l\u00e4sst uns auch dann nicht allein, wenn wir krank und verzagt sind. Gerade dann m\u00f6chte er ganz bei uns sein! Wie das \u00d6l unter den Gebeten des Priesters in die Haut des Kranken \u201eeinzieht\u201c, so zieht die Kraft Gottes in die Seele ein. Der Kranke kann erfahren, dass Gott ihn liebt, dass er ihm die Gesundheit des Leibes schenken m\u00f6chte, und sogar noch mehr: die ewige Herrlichkeit des Himmels. Man soll deshalb niemals Scheu haben, so bald wie m\u00f6glich einen Priester zu holen, wenn jemand ernsthaft krank ist.<\/p>\n ","protected":false},"excerpt":{"rendered":"<p>Was ist die Krankensalbung? Sie als Sakrament eine tats\u00e4chliche Begegnung des Kranken mit Jesus Christus, der f\u00fcr uns Leid und Kreuz auf sich genommen hat. <span class=\"readmore\"><a href=\"https:\/\/www.pfarre-gisingen.at\/sebastian\/sakramente-und-begraebnis\/krankensalbung\">Weiter lesen &#8230;<\/a><\/span><\/p>\n","protected":false},"author":1,"featured_media":643,"parent":770,"menu_order":6,"comment_status":"closed","ping_status":"closed","template":"","meta":{"footnotes":""},"class_list":["post-631","page","type-page","status-publish","has-post-thumbnail","hentry"],"_links":{"self":[{"href":"https:\/\/www.pfarre-gisingen.at\/sebastian\/wp-json\/wp\/v2\/pages\/631","targetHints":{"allow":["GET"]}}],"collection":[{"href":"https:\/\/www.pfarre-gisingen.at\/sebastian\/wp-json\/wp\/v2\/pages"}],"about":[{"href":"https:\/\/www.pfarre-gisingen.at\/sebastian\/wp-json\/wp\/v2\/types\/page"}],"author":[{"embeddable":true,"href":"https:\/\/www.pfarre-gisingen.at\/sebastian\/wp-json\/wp\/v2\/users\/1"}],"replies":[{"embeddable":true,"href":"https:\/\/www.pfarre-gisingen.at\/sebastian\/wp-json\/wp\/v2\/comments?post=631"}],"version-history":[{"count":0,"href":"https:\/\/www.pfarre-gisingen.at\/sebastian\/wp-json\/wp\/v2\/pages\/631\/revisions"}],"up":[{"embeddable":true,"href":"https:\/\/www.pfarre-gisingen.at\/sebastian\/wp-json\/wp\/v2\/pages\/770"}],"wp:featuredmedia":[{"embeddable":true,"href":"https:\/\/www.pfarre-gisingen.at\/sebastian\/wp-json\/wp\/v2\/media\/643"}],"wp:attachment":[{"href":"https:\/\/www.pfarre-gisingen.at\/sebastian\/wp-json\/wp\/v2\/media?parent=631"}],"curies":[{"name":"wp","href":"https:\/\/api.w.org\/{rel}","templated":true}]}}