{"id":644,"date":"2017-08-29T12:02:39","date_gmt":"2017-08-29T10:02:39","guid":{"rendered":"http:\/\/www.pfarre-gisingen.at\/sebastian\/?page_id=644"},"modified":"2017-09-09T15:48:19","modified_gmt":"2017-09-09T13:48:19","slug":"begleitung-von-paaren-und-einzelnen-menschen","status":"publish","type":"page","link":"https:\/\/www.pfarre-gisingen.at\/sebastian\/sakramente-und-begraebnis\/ehe\/begleitung-von-paaren-und-einzelnen-menschen","title":{"rendered":"Begleitung von Paaren und einzelnen Menschen"},"content":{"rendered":"<p><a href=\"http:\/\/www.pfarre-gisingen.at\/sebastian\/wp-content\/uploads\/2017\/08\/gisingen-familie.jpg\"><img loading=\"lazy\" decoding=\"async\" class=\"alignleft size-full wp-image-645\" src=\"http:\/\/www.pfarre-gisingen.at\/sebastian\/wp-content\/uploads\/2017\/08\/gisingen-familie.jpg\" alt=\"\" width=\"220\" height=\"165\" \/><\/a>Maria und Christoph Alton haben sich bereit erkl\u00e4rt, einzelnen Personen und Paaren durch Austausch und Gespr\u00e4che zur Verf\u00fcgung zu stehen. Beide sind ausgebildete Familientrainer. Es ist f\u00fcr uns als Pfarre ein Geschenk, Menschen zu haben, die gerne ihre Begabungen anderen zur Verf\u00fcgung stellen.<\/p>\n<p><strong>Steckbrief:<\/strong><\/p>\n<p><strong>Maria Alton<\/strong><br \/>\n40 Jahre verheiratet,<br \/>\nMutter von 5 Kindern,<br \/>\ndiplom. Familientrainerin.<\/p>\n<p><strong>Christoph Alton<\/strong>:<br \/>\n40 Jahre verheiratet,<br \/>\nVater von 5\u00a0 Kindern,<br \/>\nPolytechnischer Lehrer,<br \/>\ndiplom. Familientrainer.<\/p>\n<p><strong>gemeinsam<\/strong>:<br \/>\nEhevorbereitungs- und Eheauffrischungsseminare;<br \/>\nBegleitung von Paaren und Einzelpersonen;<br \/>\npfarrliches Ehrenamt;<\/p>\n<p>Die Ehe ist vergleichbar mit dem Radfahren: Aufw\u00e4rts fahren ist immer mit Anstrengung verbunden; abw\u00e4rts geht es von selber.<\/p>\n<p>Wir sind bereit, in pers\u00f6nlichen Gespr\u00e4chen den Paaren von unseren Erfahrungen Anteil zu geben.<\/p>\n<p>Maria und Christoph Alton<br \/>\nEmail: <a class=\"mailto\" href=\"mailto:christoph.alton@gmail.com\">christoph.alton@gmail.com<\/a><br \/>\nHandy: 0660 \/ 66 69 640<\/p>\n ","protected":false},"excerpt":{"rendered":"<p>Maria und Christoph Alton haben sich bereit erkl\u00e4rt, einzelnen Personen und Paaren durch Austausch und Gespr\u00e4che zur Verf\u00fcgung zu stehen. Beide sind ausgebildete Familientrainer. Es <span class=\"readmore\"><a href=\"https:\/\/www.pfarre-gisingen.at\/sebastian\/sakramente-und-begraebnis\/ehe\/begleitung-von-paaren-und-einzelnen-menschen\">Weiter lesen &#8230;<\/a><\/span><\/p>\n","protected":false},"author":1,"featured_media":645,"parent":621,"menu_order":0,"comment_status":"closed","ping_status":"closed","template":"","meta":{"footnotes":""},"class_list":["post-644","page","type-page","status-publish","has-post-thumbnail","hentry"],"_links":{"self":[{"href":"https:\/\/www.pfarre-gisingen.at\/sebastian\/wp-json\/wp\/v2\/pages\/644","targetHints":{"allow":["GET"]}}],"collection":[{"href":"https:\/\/www.pfarre-gisingen.at\/sebastian\/wp-json\/wp\/v2\/pages"}],"about":[{"href":"https:\/\/www.pfarre-gisingen.at\/sebastian\/wp-json\/wp\/v2\/types\/page"}],"author":[{"embeddable":true,"href":"https:\/\/www.pfarre-gisingen.at\/sebastian\/wp-json\/wp\/v2\/users\/1"}],"replies":[{"embeddable":true,"href":"https:\/\/www.pfarre-gisingen.at\/sebastian\/wp-json\/wp\/v2\/comments?post=644"}],"version-history":[{"count":0,"href":"https:\/\/www.pfarre-gisingen.at\/sebastian\/wp-json\/wp\/v2\/pages\/644\/revisions"}],"up":[{"embeddable":true,"href":"https:\/\/www.pfarre-gisingen.at\/sebastian\/wp-json\/wp\/v2\/pages\/621"}],"wp:featuredmedia":[{"embeddable":true,"href":"https:\/\/www.pfarre-gisingen.at\/sebastian\/wp-json\/wp\/v2\/media\/645"}],"wp:attachment":[{"href":"https:\/\/www.pfarre-gisingen.at\/sebastian\/wp-json\/wp\/v2\/media?parent=644"}],"curies":[{"name":"wp","href":"https:\/\/api.w.org\/{rel}","templated":true}]}}