{"id":709,"date":"2017-08-30T11:19:56","date_gmt":"2017-08-30T09:19:56","guid":{"rendered":"http:\/\/www.pfarre-gisingen.at\/sebastian\/?page_id=709"},"modified":"2025-07-10T16:48:35","modified_gmt":"2025-07-10T14:48:35","slug":"personen-und-gruppen","status":"publish","type":"page","link":"https:\/\/www.pfarre-gisingen.at\/sebastian\/personen-und-gruppen","title":{"rendered":"Personen und Gruppen"},"content":{"rendered":"\n<!-- Page-list plugin v.5.9 wordpress.org\/plugins\/page-list\/ -->\n<div class=\"page-list page-list-ext \">\n<div class=\"page-list-ext-item\"><div class=\"page-list-ext-image\"><a href=\"https:\/\/www.pfarre-gisingen.at\/sebastian\/personen-und-gruppen\/pfarrer-p-peter-willi-fso\" title=\"Pfarrer P. Peter Willi FSO\"><img decoding=\"async\" src=\"https:\/\/www.pfarre-gisingen.at\/sebastian\/wp-content\/uploads\/2025\/09\/gisingen-p-peter-1-150x150.jpg\" width=\"150\" alt=\"Pfarrer P. Peter Willi FSO\" \/><\/a><\/div> <h3 class=\"page-list-ext-title\"><a href=\"https:\/\/www.pfarre-gisingen.at\/sebastian\/personen-und-gruppen\/pfarrer-p-peter-willi-fso\" title=\"Pfarrer P. Peter Willi FSO\">Pfarrer P. Peter Willi FSO<\/a><\/h3><div class=\"page-list-ext-item-content\"> 1957: in Innsbruck geboren.\r\n1975: Eintitt ins Innsbrucker Priesterseminar.\r\n30. Mai 1981: Priesterweihe in Innsbruck.\r\nVon 1981 \u2013 1983: Kaplan in Silz (Oberinntal) und dann sechs Jahre in Lienz.\r\nNeben dem Dienst in der Pfarre und in der Schule: Dekanatsjugendseelsorger, P...<\/div><\/div>\n<div class=\"page-list-ext-item\"><div class=\"page-list-ext-image\"><a href=\"https:\/\/www.pfarre-gisingen.at\/sebastian\/personen-und-gruppen\/kaplan-p-kilian-deppisch-fso-2\" title=\"Kaplan P. Kilian Deppisch FSO\"><img decoding=\"async\" src=\"https:\/\/www.pfarre-gisingen.at\/sebastian\/wp-content\/uploads\/2025\/09\/gisingen-p-kilian-5-150x150.jpg\" width=\"150\" alt=\"Kaplan P. Kilian Deppisch FSO\" \/><\/a><\/div> <h3 class=\"page-list-ext-title\"><a href=\"https:\/\/www.pfarre-gisingen.at\/sebastian\/personen-und-gruppen\/kaplan-p-kilian-deppisch-fso-2\" title=\"Kaplan P. Kilian Deppisch FSO\">Kaplan P. Kilian Deppisch FSO<\/a><\/h3><div class=\"page-list-ext-item-content\"> Geb.:1996: in Marktheidenfeld\/Deutschland\r\n2014: Abitur in Marktheidenfeld\r\n2017: Eintritt in die geistliche Familie \u201eDas Werk\u201c\r\nStudium der Philosophie &amp; Theologie in Rom\r\n28. Juni 2025: Priesterweihe in St. Gallus\/Bregenz\r\nSeit 1. September 202...<\/div><\/div>\n<div class=\"page-list-ext-item\"><div class=\"page-list-ext-image\"><a href=\"https:\/\/www.pfarre-gisingen.at\/sebastian\/personen-und-gruppen\/13919-2\" title=\"Veronika Fetz - Jugendleiterin\"><img decoding=\"async\" src=\"https:\/\/www.pfarre-gisingen.at\/sebastian\/wp-content\/uploads\/2024\/02\/gisingen-fetz-1-150x150.jpg\" width=\"150\" alt=\"Veronika Fetz - Jugendleiterin\" \/><\/a><\/div> <h3 class=\"page-list-ext-title\"><a href=\"https:\/\/www.pfarre-gisingen.at\/sebastian\/personen-und-gruppen\/13919-2\" title=\"Veronika Fetz - Jugendleiterin\">Veronika Fetz - Jugendleiterin<\/a><\/h3><div class=\"page-list-ext-item-content\"> Veronika Fetz ist unsere Jugendleiterin. \r\nSie ist verheiratet mit Christian und Mutter von zwei Kindern sowie ausgebildete Volksschul- und Religionslehrerin.\r\nWas ist ihre Perspektive?\r\n\u201eGemeinschaft erleben, kreativ sein, gemeinsames Beten, Projekte u...<\/div><\/div>\n<div class=\"page-list-ext-item\"><div class=\"page-list-ext-image\"><a href=\"https:\/\/www.pfarre-gisingen.at\/sebastian\/personen-und-gruppen\/sr-maria-wagner-fso-und-sr-barbara-fink-fso\" title=\"Sr. Maria Wagner FSO und Sr. Barbara Fink FSO\"><img decoding=\"async\" src=\"https:\/\/www.pfarre-gisingen.at\/sebastian\/wp-content\/uploads\/2022\/09\/gisingen-schwestern-05-150x150.jpg\" width=\"150\" alt=\"Sr. Maria Wagner FSO und Sr. Barbara Fink FSO\" \/><\/a><\/div> <h3 class=\"page-list-ext-title\"><a href=\"https:\/\/www.pfarre-gisingen.at\/sebastian\/personen-und-gruppen\/sr-maria-wagner-fso-und-sr-barbara-fink-fso\" title=\"Sr. Maria Wagner FSO und Sr. Barbara Fink FSO\">Sr. Maria Wagner FSO und Sr. Barbara Fink FSO<\/a><\/h3><div class=\"page-list-ext-item-content\"> Sr. Maria Wagner FSO und Sr. Barbara Fink FSO\r\n \r\n\r\nSie sorgen sich um den Haushalt im Pfarrhaus und Schwesternhaus und leisten verschiedene Dienste f\u00fcr die Pfarrgemeinde. Daneben erf\u00fcllen sie Aufgaben f\u00fcr unsere geistliche Familie. Als Gemeinschaft vo...<\/div><\/div>\n<div class=\"page-list-ext-item\"><div class=\"page-list-ext-image\"><a href=\"https:\/\/www.pfarre-gisingen.at\/sebastian\/personen-und-gruppen\/pfarrsekretaerin-ruth-walser\" title=\"Pfarrsekret\u00e4rin Ruth Walser\"><img decoding=\"async\" src=\"https:\/\/www.pfarre-gisingen.at\/sebastian\/wp-content\/uploads\/2017\/08\/gisin-pfarrsekr-150x150.jpg\" width=\"150\" alt=\"Pfarrsekret\u00e4rin Ruth Walser\" \/><\/a><\/div> <h3 class=\"page-list-ext-title\"><a href=\"https:\/\/www.pfarre-gisingen.at\/sebastian\/personen-und-gruppen\/pfarrsekretaerin-ruth-walser\" title=\"Pfarrsekret\u00e4rin Ruth Walser\">Pfarrsekret\u00e4rin Ruth Walser<\/a><\/h3><div class=\"page-list-ext-item-content\">\r\n\r\n\r\n\r\n\r\n Unser Pfarrsekret\u00e4rin steht Ihnen im Pfarrb\u00fcro\u00a0gerne zur Verf\u00fcgung.\r\n\r\nTelefon: 05522 71305-20\r\nFax: 05522\/71305-10\r\nMail: pfarramt@pfarre-gisingen.at \r\n\r\nWenn Sie per Email in Kontakt treten m\u00f6chten, \u00a0k\u00f6nnen Sie dies mit gerne mit dem Kontak...<\/div><\/div>\n<div class=\"page-list-ext-item\"><div class=\"page-list-ext-image\"><a href=\"https:\/\/www.pfarre-gisingen.at\/sebastian\/personen-und-gruppen\/pfarrgemeinderat\" title=\"Pfarrgemeinderat\"><img decoding=\"async\" src=\"https:\/\/www.pfarre-gisingen.at\/sebastian\/wp-content\/uploads\/2022\/07\/gisingen-pgr-22_1-150x150.jpg\" width=\"150\" alt=\"Pfarrgemeinderat\" \/><\/a><\/div> <h3 class=\"page-list-ext-title\"><a href=\"https:\/\/www.pfarre-gisingen.at\/sebastian\/personen-und-gruppen\/pfarrgemeinderat\" title=\"Pfarrgemeinderat\">Pfarrgemeinderat<\/a><\/h3><div class=\"page-list-ext-item-content\">Unser Pfarrgemeinderat f\u00fcr die Funktionsperiode 2022 - 2027 besteht aus folgenden Frauen und M\u00e4nnern.:\r\n\r\n <\/div><\/div>\n<div class=\"page-list-ext-item\"><div class=\"page-list-ext-image\"><a href=\"https:\/\/www.pfarre-gisingen.at\/sebastian\/personen-und-gruppen\/pfarrkirchenrat\" title=\"Pfarrkirchenrat\"><img decoding=\"async\" src=\"https:\/\/www.pfarre-gisingen.at\/sebastian\/wp-content\/uploads\/2017\/08\/manfred-nae-150x150.jpg\" width=\"150\" alt=\"Pfarrkirchenrat\" \/><\/a><\/div> <h3 class=\"page-list-ext-title\"><a href=\"https:\/\/www.pfarre-gisingen.at\/sebastian\/personen-und-gruppen\/pfarrkirchenrat\" title=\"Pfarrkirchenrat\">Pfarrkirchenrat<\/a><\/h3><div class=\"page-list-ext-item-content\"> \r\n\r\nDie Mitglieder des Pfarrkirchenrates (PKR) werden vom Pfarrer dem Bischof vorgeschlagen und von diesem bestellt. Die Funktionsdauer betr\u00e4gt f\u00fcnf Jahre.\r\n\r\nZu den Aufgaben des PKR geh\u00f6rt vor allem die Verwaltung des pfarrlichen Verm\u00f6gens. Darunter fal...<\/div><\/div>\n<div class=\"page-list-ext-item\"><div class=\"page-list-ext-image\"><a href=\"https:\/\/www.pfarre-gisingen.at\/sebastian\/personen-und-gruppen\/gruppen-und-teams-uebersicht\" title=\"Gruppen und Teams - \u00dcbersicht\"><img decoding=\"async\" src=\"https:\/\/www.pfarre-gisingen.at\/sebastian\/wp-content\/uploads\/2017\/09\/gisingen-gruppen-150x150.jpg\" width=\"150\" alt=\"Gruppen und Teams - \u00dcbersicht\" \/><\/a><\/div> <h3 class=\"page-list-ext-title\"><a href=\"https:\/\/www.pfarre-gisingen.at\/sebastian\/personen-und-gruppen\/gruppen-und-teams-uebersicht\" title=\"Gruppen und Teams - \u00dcbersicht\">Gruppen und Teams - \u00dcbersicht<\/a><\/h3><div class=\"page-list-ext-item-content\">1. Sekret\u00e4rin\r\n\r\n2. Pfarrgemeinderat\r\n\r\n3. Pfarrkirchenrat\r\n\r\n4. Mesnerteam\r\n\r\n5. Kirchenschmuck\r\n\r\n6. Kirchenputzteams\r\n\r\n7. Kommunionhelfer\r\n\r\n8. Lektoren\r\n\r\n9. Ministranten\r\n\r\n10. Moatlagruppen\r\n\r\n11. Erstkommunionteam\r\n\r\n12. Erstkommunionkleiderteam\r\n\r\n13. ...<\/div><\/div>\n\n<\/div>\n ","protected":false},"excerpt":{"rendered":"","protected":false},"author":1,"featured_media":0,"parent":0,"menu_order":0,"comment_status":"closed","ping_status":"closed","template":"","meta":{"footnotes":""},"class_list":["post-709","page","type-page","status-publish","hentry"],"_links":{"self":[{"href":"https:\/\/www.pfarre-gisingen.at\/sebastian\/wp-json\/wp\/v2\/pages\/709","targetHints":{"allow":["GET"]}}],"collection":[{"href":"https:\/\/www.pfarre-gisingen.at\/sebastian\/wp-json\/wp\/v2\/pages"}],"about":[{"href":"https:\/\/www.pfarre-gisingen.at\/sebastian\/wp-json\/wp\/v2\/types\/page"}],"author":[{"embeddable":true,"href":"https:\/\/www.pfarre-gisingen.at\/sebastian\/wp-json\/wp\/v2\/users\/1"}],"replies":[{"embeddable":true,"href":"https:\/\/www.pfarre-gisingen.at\/sebastian\/wp-json\/wp\/v2\/comments?post=709"}],"version-history":[{"count":1,"href":"https:\/\/www.pfarre-gisingen.at\/sebastian\/wp-json\/wp\/v2\/pages\/709\/revisions"}],"predecessor-version":[{"id":24596,"href":"https:\/\/www.pfarre-gisingen.at\/sebastian\/wp-json\/wp\/v2\/pages\/709\/revisions\/24596"}],"wp:attachment":[{"href":"https:\/\/www.pfarre-gisingen.at\/sebastian\/wp-json\/wp\/v2\/media?parent=709"}],"curies":[{"name":"wp","href":"https:\/\/api.w.org\/{rel}","templated":true}]}}