{"id":770,"date":"2017-08-31T19:04:09","date_gmt":"2017-08-31T17:04:09","guid":{"rendered":"http:\/\/www.pfarre-gisingen.at\/sebastian\/?page_id=770"},"modified":"2017-09-09T16:03:20","modified_gmt":"2017-09-09T14:03:20","slug":"sakramente-und-begraebnis","status":"publish","type":"page","link":"https:\/\/www.pfarre-gisingen.at\/sebastian\/sakramente-und-begraebnis","title":{"rendered":"Sakramente"},"content":{"rendered":"\n<!-- Page-list plugin v.5.9 wordpress.org\/plugins\/page-list\/ -->\n<div class=\"page-list page-list-ext \">\n<div class=\"page-list-ext-item\"><div class=\"page-list-ext-image\"><a href=\"https:\/\/www.pfarre-gisingen.at\/sebastian\/sakramente-und-begraebnis\/taufe\" title=\"Taufe\"><img decoding=\"async\" src=\"https:\/\/www.pfarre-gisingen.at\/sebastian\/wp-content\/uploads\/2017\/08\/taufe-gisingen-3-150x150.jpg\" width=\"150\" alt=\"Taufe\" \/><\/a><\/div> <h3 class=\"page-list-ext-title\"><a href=\"https:\/\/www.pfarre-gisingen.at\/sebastian\/sakramente-und-begraebnis\/taufe\" title=\"Taufe\">Taufe<\/a><\/h3><div class=\"page-list-ext-item-content\">\r\nWas ist die Taufe? \r\nDie Taufe ist das Grundsakrament der Kirche. In ihr werden wir Glieder des Leibes Christi, Br\u00fcder und Schwestern unseres Erl\u00f6sers Jesus Christus,\u00a0Kinder Gottes und Mitglieder der katholischen Kirche. Wir werden von der Erbs\u00fcnde bef...<\/div><\/div>\n<div class=\"page-list-ext-item\"><div class=\"page-list-ext-image\"><a href=\"https:\/\/www.pfarre-gisingen.at\/sebastian\/sakramente-und-begraebnis\/eucharistie\" title=\"Eucharistie\"><img decoding=\"async\" src=\"https:\/\/www.pfarre-gisingen.at\/sebastian\/wp-content\/uploads\/2017\/08\/gisingen-eucharistie-150x150.jpg\" width=\"150\" alt=\"Eucharistie\" \/><\/a><\/div> <h3 class=\"page-list-ext-title\"><a href=\"https:\/\/www.pfarre-gisingen.at\/sebastian\/sakramente-und-begraebnis\/eucharistie\" title=\"Eucharistie\">Eucharistie<\/a><\/h3><div class=\"page-list-ext-item-content\">\r\nWas ist die hl. Messe ? \r\nDie Eucharistie \r\naus: Karl Wallner, Sakramente \u2013 was ist das? \r\nGedanken zu den Sakramenten f\u00fcr junge Menschen.\r\n\r\nAm Abend seines letzten Lebenstages h\u00e4lt Jesus mit seinen J\u00fcngern die Feier des Paschamahles ab. Er wei\u00df, dass ...<\/div><\/div>\n<div class=\"page-list-ext-item\"><div class=\"page-list-ext-image\"><a href=\"https:\/\/www.pfarre-gisingen.at\/sebastian\/sakramente-und-begraebnis\/firmung\" title=\"Firmung\"><img decoding=\"async\" src=\"https:\/\/www.pfarre-gisingen.at\/sebastian\/wp-content\/uploads\/2017\/08\/gisi-firmung-150x150.jpg\" width=\"150\" alt=\"Firmung\" \/><\/a><\/div> <h3 class=\"page-list-ext-title\"><a href=\"https:\/\/www.pfarre-gisingen.at\/sebastian\/sakramente-und-begraebnis\/firmung\" title=\"Firmung\">Firmung<\/a><\/h3><div class=\"page-list-ext-item-content\">\r\nWas ist Firmung? \r\nGEDANKEN ZUR FIRMUNG \r\naus: Karl Wallner, Sakramente \u2013 was ist das?\r\n\r\nGedanken zu den Sakramenten f\u00fcr junge Menschen.\r\nTaufe und Firmung geh\u00f6ren zusammen. Bei der Taufe wird man eingetaucht (taufen = tauchen) in die Liebe Gottes, man...<\/div><\/div>\n<div class=\"page-list-ext-item\"><div class=\"page-list-ext-image\"><a href=\"https:\/\/www.pfarre-gisingen.at\/sebastian\/sakramente-und-begraebnis\/beichte\" title=\"Beichte\"><img decoding=\"async\" src=\"https:\/\/www.pfarre-gisingen.at\/sebastian\/wp-content\/uploads\/2017\/08\/gisingen-beichte-150x150.jpg\" width=\"150\" alt=\"Beichte\" \/><\/a><\/div> <h3 class=\"page-list-ext-title\"><a href=\"https:\/\/www.pfarre-gisingen.at\/sebastian\/sakramente-und-begraebnis\/beichte\" title=\"Beichte\">Beichte<\/a><\/h3><div class=\"page-list-ext-item-content\">Beichtgelegenheit: \r\nSonntag:  08.00 bis 08.15 Uhr und 09.45 bis 10.00 Uhr\r\nFreitag:  18.30 bis 19.15 Uhr\r\nSamstag:  18.00 bis 18.15 Uhr\r\nHerz-Jesu-Freitag:  18.30 bis 20.00 Uhr\r\nFatimafeier  (jeweils am 13. des Monats): 18.30 bis 20.00 Uhr\r\n\r\nWeiter...<\/div><\/div>\n<div class=\"page-list-ext-item\"><div class=\"page-list-ext-image\"><a href=\"https:\/\/www.pfarre-gisingen.at\/sebastian\/sakramente-und-begraebnis\/krankensalbung\" title=\"Krankensalbung\"><img decoding=\"async\" src=\"https:\/\/www.pfarre-gisingen.at\/sebastian\/wp-content\/uploads\/2017\/08\/gisingen-krankensalbung-1-150x150.jpg\" width=\"150\" alt=\"Krankensalbung\" \/><\/a><\/div> <h3 class=\"page-list-ext-title\"><a href=\"https:\/\/www.pfarre-gisingen.at\/sebastian\/sakramente-und-begraebnis\/krankensalbung\" title=\"Krankensalbung\">Krankensalbung<\/a><\/h3><div class=\"page-list-ext-item-content\">Was ist die Krankensalbung? \r\n\r\nSie als Sakrament eine tats\u00e4chliche Begegnung des Kranken mit Jesus Christus, der f\u00fcr uns Leid und Kreuz auf sich genommen hat. Durch diese gnadenvolle Begegnung st\u00e4rkt Jesus den Schwerkranken oder Sterbenden, schenkt Kr...<\/div><\/div>\n<div class=\"page-list-ext-item\"><div class=\"page-list-ext-image\"><a href=\"https:\/\/www.pfarre-gisingen.at\/sebastian\/sakramente-und-begraebnis\/ehe\" title=\"Ehe\"><img decoding=\"async\" src=\"https:\/\/www.pfarre-gisingen.at\/sebastian\/wp-content\/uploads\/2017\/08\/gisingen-hochzeit-150x150.jpg\" width=\"150\" alt=\"Ehe\" \/><\/a><\/div> <h3 class=\"page-list-ext-title\"><a href=\"https:\/\/www.pfarre-gisingen.at\/sebastian\/sakramente-und-begraebnis\/ehe\" title=\"Ehe\">Ehe<\/a><\/h3><div class=\"page-list-ext-item-content\">\r\n\r\nWas ist die Ehe? \r\nDas Sakrament der Ehe \r\n\r\nDie Liebe zwischen Mann und Frau hat ihren tiefsten Grund nicht blo\u00df in menschlichen Empfindungen und Gef\u00fchlen, in Bed\u00fcrfnissen und Erwartungen, sondern im Willen Gottes. Er erschafft den Menschen als Ma...<\/div><\/div>\n<div class=\"page-list-ext-item\"><div class=\"page-list-ext-image\"><a href=\"https:\/\/www.pfarre-gisingen.at\/sebastian\/sakramente-und-begraebnis\/priesterweihe\" title=\"Priesterweihe\"><img decoding=\"async\" src=\"https:\/\/www.pfarre-gisingen.at\/sebastian\/wp-content\/uploads\/2017\/08\/gisingen-priesterweihe-150x150.jpg\" width=\"150\" alt=\"Priesterweihe\" \/><\/a><\/div> <h3 class=\"page-list-ext-title\"><a href=\"https:\/\/www.pfarre-gisingen.at\/sebastian\/sakramente-und-begraebnis\/priesterweihe\" title=\"Priesterweihe\">Priesterweihe<\/a><\/h3><div class=\"page-list-ext-item-content\">Was ist die Priesterweihe ? \r\nDas Sakrament der Weihe \r\n aus: Karl Wallner, Sakramente \u2013 was ist das?\r\n Gedanken zu den Sakramenten f\u00fcr junge Menschen.\r\n\r\nPriester wird man, indem man das Sakrament der Priesterweihe empf\u00e4ngt: Der Bischof ist Nachfolger der...<\/div><\/div>\n\n<\/div>\n ","protected":false},"excerpt":{"rendered":"","protected":false},"author":1,"featured_media":0,"parent":0,"menu_order":0,"comment_status":"closed","ping_status":"closed","template":"","meta":{"footnotes":""},"class_list":["post-770","page","type-page","status-publish","hentry"],"_links":{"self":[{"href":"https:\/\/www.pfarre-gisingen.at\/sebastian\/wp-json\/wp\/v2\/pages\/770","targetHints":{"allow":["GET"]}}],"collection":[{"href":"https:\/\/www.pfarre-gisingen.at\/sebastian\/wp-json\/wp\/v2\/pages"}],"about":[{"href":"https:\/\/www.pfarre-gisingen.at\/sebastian\/wp-json\/wp\/v2\/types\/page"}],"author":[{"embeddable":true,"href":"https:\/\/www.pfarre-gisingen.at\/sebastian\/wp-json\/wp\/v2\/users\/1"}],"replies":[{"embeddable":true,"href":"https:\/\/www.pfarre-gisingen.at\/sebastian\/wp-json\/wp\/v2\/comments?post=770"}],"version-history":[{"count":1,"href":"https:\/\/www.pfarre-gisingen.at\/sebastian\/wp-json\/wp\/v2\/pages\/770\/revisions"}],"predecessor-version":[{"id":24589,"href":"https:\/\/www.pfarre-gisingen.at\/sebastian\/wp-json\/wp\/v2\/pages\/770\/revisions\/24589"}],"wp:attachment":[{"href":"https:\/\/www.pfarre-gisingen.at\/sebastian\/wp-json\/wp\/v2\/media?parent=770"}],"curies":[{"name":"wp","href":"https:\/\/api.w.org\/{rel}","templated":true}]}}